{"id":2071,"date":"2023-11-25T12:06:11","date_gmt":"2023-11-25T18:06:11","guid":{"rendered":"https:\/\/libreriahistoriasdebolsillo.com\/?post_type=product&#038;p=2071"},"modified":"2026-03-10T15:00:28","modified_gmt":"2026-03-10T21:00:28","slug":"coraline","status":"publish","type":"product","link":"https:\/\/libreriahistoriasdebolsillo.com\/index.php\/producto\/coraline\/","title":{"rendered":"Coraline"},"content":{"rendered":"<p>Al d\u00eda siguiente de mudarse de casa, Coraline explora las catorce puertas de su nuevo hogar. Trece se pueden abrir con normalidad, pero la decimocuarta est\u00e1 cerrada y tapiada. Cuando por fin consigue abrirla, Coraline se encuentra con un pasadizo secreto que la conduce a otra casa tan parecida a la suya que resulta escalofriante.<\/p>\n<p>Sin embargo, hay ciertas diferencias que llaman su atenci\u00f3n: la comida es m\u00e1s rica, los juguetes son tan desconocidos como maravillosos y, sobre todo, hay otra madre y otro padre que quieren que Coraline se quede con ellos, se convierta en su hija y no se marche nunca. Pronto Coraline se da cuenta de que, tras los espejos, hay otros ni\u00f1os que han ca\u00eddo en la trampa. Son como almas perdidas, y ahora ella es su \u00fanica esperanza de salvaci\u00f3n. Pero para rescatarlos tendr\u00e1 tambi\u00e9n que recuperar a sus verdaderos padres, y cumplir as\u00ed el desaf\u00edo que le permitir\u00e1 volver a su vida anterior.<\/p>\n","protected":false},"excerpt":{"rendered":"<p>Neil Gaiman<\/p>\n","protected":false},"featured_media":2073,"template":"","meta":{"_joinchat":[]},"product_brand":[],"product_cat":[39,52],"product_tag":[34],"class_list":{"0":"post-2071","1":"product","2":"type-product","3":"status-publish","4":"has-post-thumbnail","6":"product_cat-fantasia","7":"product_cat-juvenil","8":"product_tag-penguin-random-house","10":"first","11":"outofstock","12":"shipping-taxable","13":"purchasable","14":"product-type-simple"},"_links":{"self":[{"href":"https:\/\/libreriahistoriasdebolsillo.com\/index.php\/wp-json\/wp\/v2\/product\/2071","targetHints":{"allow":["GET"]}}],"collection":[{"href":"https:\/\/libreriahistoriasdebolsillo.com\/index.php\/wp-json\/wp\/v2\/product"}],"about":[{"href":"https:\/\/libreriahistoriasdebolsillo.com\/index.php\/wp-json\/wp\/v2\/types\/product"}],"wp:featuredmedia":[{"embeddable":true,"href":"https:\/\/libreriahistoriasdebolsillo.com\/index.php\/wp-json\/wp\/v2\/media\/2073"}],"wp:attachment":[{"href":"https:\/\/libreriahistoriasdebolsillo.com\/index.php\/wp-json\/wp\/v2\/media?parent=2071"}],"wp:term":[{"taxonomy":"product_brand","embeddable":true,"href":"https:\/\/libreriahistoriasdebolsillo.com\/index.php\/wp-json\/wp\/v2\/product_brand?post=2071"},{"taxonomy":"product_cat","embeddable":true,"href":"https:\/\/libreriahistoriasdebolsillo.com\/index.php\/wp-json\/wp\/v2\/product_cat?post=2071"},{"taxonomy":"product_tag","embeddable":true,"href":"https:\/\/libreriahistoriasdebolsillo.com\/index.php\/wp-json\/wp\/v2\/product_tag?post=2071"}],"curies":[{"name":"wp","href":"https:\/\/api.w.org\/{rel}","templated":true}]}}