{"id":2074,"date":"2023-11-25T12:08:26","date_gmt":"2023-11-25T18:08:26","guid":{"rendered":"https:\/\/libreriahistoriasdebolsillo.com\/?post_type=product&#038;p=2074"},"modified":"2024-06-15T15:19:59","modified_gmt":"2024-06-15T21:19:59","slug":"coraline-novela-grafica","status":"publish","type":"product","link":"https:\/\/libreriahistoriasdebolsillo.com\/index.php\/producto\/coraline-novela-grafica\/","title":{"rendered":"Coraline (novela gr\u00e1fica)"},"content":{"rendered":"<p><b>La adaptaci\u00f3n a novela gr\u00e1fica del \u00e9xito de Neil Gaima, ilustrada por P. Craig Russell.<\/b><\/p>\n<p>Al d\u00eda siguiente de mudarse de casa, Coraline explora las catorce puertas de su nuevo hogar. Trece se pueden abrir con normalidad, pero la decimocuarta est\u00e1 cerrada y tapiada. Cuando por fin consigue abrirla, Coraline se encuentra con un pasadizo secreto que la conduce a otra casa tan parecida a la suya que resulta escalofriante. Sin embargo, hay ciertas diferencias que llaman su atenci\u00f3n: la comida es m\u00e1s rica, los juguetes son tan desconocidos como maravillosos y, sobre todo, hay otra madre y otro padre que quieren que Coraline se quede con ellos, se convierta en su hija y no se marche nunca.<\/p>\n<p>Pronto Coraline se da cuenta de que, tras los espejos, hay otros ni\u00f1os que han ca\u00eddo en la trampa. Son como almas perdidas, y ahora ella es su \u00fanica esperanza de salvaci\u00f3n. Pero para rescatarlos tendr\u00e1 tambi\u00e9n que recuperar a sus verdaderos padres, y cumplir as\u00ed el desaf\u00edo que le permitir\u00e1 volver a su vida anterior.<\/p>\n<p><b>Otros autores han opinado:<\/b><\/p>\n<p>\u00abEsta novela es maravillosa y da miedo\u00bb -Philip Pullman, autor de\u00a0<i>La Br\u00fajula Dorada<\/i>&#8211;<\/p>\n<p>\u00abEste libro har\u00e1 que los escalofr\u00edos te recorran la espalda, te salgan por los zapatos y tomen un taxi camino al aeropuerto. Contiene el terror delicado de los cuentos de hadas y es una obra maestra\u00bb -Terry Pratchett-<\/p>\n","protected":false},"excerpt":{"rendered":"<p>Neil Gaiman<\/p>\n","protected":false},"featured_media":2076,"template":"","meta":{"_joinchat":[]},"product_brand":[],"product_cat":[39,52,67],"product_tag":[34],"class_list":{"0":"post-2074","1":"product","2":"type-product","3":"status-publish","4":"has-post-thumbnail","6":"product_cat-fantasia","7":"product_cat-juvenil","8":"product_cat-manga","9":"product_tag-penguin-random-house","11":"first","12":"outofstock","13":"shipping-taxable","14":"purchasable","15":"product-type-simple"},"_links":{"self":[{"href":"https:\/\/libreriahistoriasdebolsillo.com\/index.php\/wp-json\/wp\/v2\/product\/2074","targetHints":{"allow":["GET"]}}],"collection":[{"href":"https:\/\/libreriahistoriasdebolsillo.com\/index.php\/wp-json\/wp\/v2\/product"}],"about":[{"href":"https:\/\/libreriahistoriasdebolsillo.com\/index.php\/wp-json\/wp\/v2\/types\/product"}],"wp:featuredmedia":[{"embeddable":true,"href":"https:\/\/libreriahistoriasdebolsillo.com\/index.php\/wp-json\/wp\/v2\/media\/2076"}],"wp:attachment":[{"href":"https:\/\/libreriahistoriasdebolsillo.com\/index.php\/wp-json\/wp\/v2\/media?parent=2074"}],"wp:term":[{"taxonomy":"product_brand","embeddable":true,"href":"https:\/\/libreriahistoriasdebolsillo.com\/index.php\/wp-json\/wp\/v2\/product_brand?post=2074"},{"taxonomy":"product_cat","embeddable":true,"href":"https:\/\/libreriahistoriasdebolsillo.com\/index.php\/wp-json\/wp\/v2\/product_cat?post=2074"},{"taxonomy":"product_tag","embeddable":true,"href":"https:\/\/libreriahistoriasdebolsillo.com\/index.php\/wp-json\/wp\/v2\/product_tag?post=2074"}],"curies":[{"name":"wp","href":"https:\/\/api.w.org\/{rel}","templated":true}]}}