{"id":2077,"date":"2023-11-25T12:12:20","date_gmt":"2023-11-25T18:12:20","guid":{"rendered":"https:\/\/libreriahistoriasdebolsillo.com\/?post_type=product&#038;p=2077"},"modified":"2024-03-11T15:39:07","modified_gmt":"2024-03-11T21:39:07","slug":"yolo-aventuras-la-mansion-de-las-pesadillas","status":"publish","type":"product","link":"https:\/\/libreriahistoriasdebolsillo.com\/index.php\/producto\/yolo-aventuras-la-mansion-de-las-pesadillas\/","title":{"rendered":"Yolo Aventuras. La mansi\u00f3n de las pesadillas"},"content":{"rendered":"<p>Yolo, Mariana, Nando y Panda han recibido de herencia una misteriosa mansi\u00f3n, pero para poder reclamarla, deber\u00e1n pasar una noche all\u00ed.<br \/>\nCuando lleguen, se encontrar\u00e1n en un lugar tan tenebroso que parece un museo de terror, \u00a1y eso no es lo peor! Todos, menos uno, caer\u00e1n bajo un hechizo que los atrapar\u00e1 en sus m\u00e1s terribles pesadillas.<\/p>\n<p>\u00bfA qu\u00e9 le temen los Aventureros?<br \/>\n\u00bfQui\u00e9n quedar\u00e1 libre?<br \/>\n\u00bfLograr\u00e1 salvar a sus amigos?<\/p>\n<p>Desc\u00fabrelo en esta espeluznante historia con el equipo m\u00e1s divertido de YouTube: \u00a1Yolo Aventuras!<\/p>\n","protected":false},"excerpt":{"rendered":"<p>Yolo, Mariana, Nando y Panda<\/p>\n","protected":false},"featured_media":2080,"template":"","meta":{"_joinchat":[]},"product_brand":[],"product_cat":[54,52],"product_tag":[45],"class_list":{"0":"post-2077","1":"product","2":"type-product","3":"status-publish","4":"has-post-thumbnail","6":"product_cat-infantil","7":"product_cat-juvenil","8":"product_tag-planeta","10":"first","11":"outofstock","12":"shipping-taxable","13":"purchasable","14":"product-type-simple"},"_links":{"self":[{"href":"https:\/\/libreriahistoriasdebolsillo.com\/index.php\/wp-json\/wp\/v2\/product\/2077","targetHints":{"allow":["GET"]}}],"collection":[{"href":"https:\/\/libreriahistoriasdebolsillo.com\/index.php\/wp-json\/wp\/v2\/product"}],"about":[{"href":"https:\/\/libreriahistoriasdebolsillo.com\/index.php\/wp-json\/wp\/v2\/types\/product"}],"wp:featuredmedia":[{"embeddable":true,"href":"https:\/\/libreriahistoriasdebolsillo.com\/index.php\/wp-json\/wp\/v2\/media\/2080"}],"wp:attachment":[{"href":"https:\/\/libreriahistoriasdebolsillo.com\/index.php\/wp-json\/wp\/v2\/media?parent=2077"}],"wp:term":[{"taxonomy":"product_brand","embeddable":true,"href":"https:\/\/libreriahistoriasdebolsillo.com\/index.php\/wp-json\/wp\/v2\/product_brand?post=2077"},{"taxonomy":"product_cat","embeddable":true,"href":"https:\/\/libreriahistoriasdebolsillo.com\/index.php\/wp-json\/wp\/v2\/product_cat?post=2077"},{"taxonomy":"product_tag","embeddable":true,"href":"https:\/\/libreriahistoriasdebolsillo.com\/index.php\/wp-json\/wp\/v2\/product_tag?post=2077"}],"curies":[{"name":"wp","href":"https:\/\/api.w.org\/{rel}","templated":true}]}}