{"id":2083,"date":"2023-11-25T12:20:00","date_gmt":"2023-11-25T18:20:00","guid":{"rendered":"https:\/\/libreriahistoriasdebolsillo.com\/?post_type=product&#038;p=2083"},"modified":"2023-11-29T16:51:57","modified_gmt":"2023-11-29T22:51:57","slug":"casi-1000-disparates-de-todos-los-tiempos","status":"publish","type":"product","link":"https:\/\/libreriahistoriasdebolsillo.com\/index.php\/producto\/casi-1000-disparates-de-todos-los-tiempos\/","title":{"rendered":"Casi 1000 disparates de todos los tiempos"},"content":{"rendered":"<p>Luego de 1.000 cosas in\u00fatiles y de 1.000 datos ins\u00f3litos, el autor descubri\u00f3 casi mil sucesos incre\u00edbles a lo largo de la historia de la humanidad. Entre ellos: \u201dEn 1953 se invent\u00f3 una ametralladora curva. Su ca\u00f1\u00f3n arqueado serv\u00eda para disparar -a la vuelta de la esquina-\u201d<\/p>\n","protected":false},"excerpt":{"rendered":"<p>Anibal Litvin<\/p>\n","protected":false},"featured_media":2659,"template":"","meta":{"_joinchat":[]},"product_brand":[],"product_cat":[54,52],"product_tag":[48],"class_list":{"0":"post-2083","1":"product","2":"type-product","3":"status-publish","4":"has-post-thumbnail","6":"product_cat-infantil","7":"product_cat-juvenil","8":"product_tag-vr-editoras","10":"first","11":"instock","12":"shipping-taxable","13":"purchasable","14":"product-type-simple"},"_links":{"self":[{"href":"https:\/\/libreriahistoriasdebolsillo.com\/index.php\/wp-json\/wp\/v2\/product\/2083","targetHints":{"allow":["GET"]}}],"collection":[{"href":"https:\/\/libreriahistoriasdebolsillo.com\/index.php\/wp-json\/wp\/v2\/product"}],"about":[{"href":"https:\/\/libreriahistoriasdebolsillo.com\/index.php\/wp-json\/wp\/v2\/types\/product"}],"wp:featuredmedia":[{"embeddable":true,"href":"https:\/\/libreriahistoriasdebolsillo.com\/index.php\/wp-json\/wp\/v2\/media\/2659"}],"wp:attachment":[{"href":"https:\/\/libreriahistoriasdebolsillo.com\/index.php\/wp-json\/wp\/v2\/media?parent=2083"}],"wp:term":[{"taxonomy":"product_brand","embeddable":true,"href":"https:\/\/libreriahistoriasdebolsillo.com\/index.php\/wp-json\/wp\/v2\/product_brand?post=2083"},{"taxonomy":"product_cat","embeddable":true,"href":"https:\/\/libreriahistoriasdebolsillo.com\/index.php\/wp-json\/wp\/v2\/product_cat?post=2083"},{"taxonomy":"product_tag","embeddable":true,"href":"https:\/\/libreriahistoriasdebolsillo.com\/index.php\/wp-json\/wp\/v2\/product_tag?post=2083"}],"curies":[{"name":"wp","href":"https:\/\/api.w.org\/{rel}","templated":true}]}}