{"id":2085,"date":"2023-11-25T12:22:01","date_gmt":"2023-11-25T18:22:01","guid":{"rendered":"https:\/\/libreriahistoriasdebolsillo.com\/?post_type=product&#038;p=2085"},"modified":"2023-11-29T16:51:33","modified_gmt":"2023-11-29T22:51:33","slug":"1000-datos-locos-derribando-mitos","status":"publish","type":"product","link":"https:\/\/libreriahistoriasdebolsillo.com\/index.php\/producto\/1000-datos-locos-derribando-mitos\/","title":{"rendered":"1000 datos locos derribando mitos"},"content":{"rendered":"<p>\u00bfEs cierto que los girasoles siempre miran al sol?<\/p>\n<p>\u00bfLos toros odian el color rojo?<\/p>\n<p>\u00bfLos chocolates curan la tristeza?<\/p>\n<p>\u00bfLa radioactividad brilla de un color verde intenso?<\/p>\n<p>\u00bfLos elefantes no pueden saltar?<\/p>\n<p>Lleg\u00f3 el momento de resolver todas tus dudas sobre leyendas urbanas, mitos y afirmaciones que por a\u00f1os te han contado los adultos.<\/p>\n<p>Divi\u00e9rtete conociendo las explicaciones cient\u00edficas para los mitos m\u00e1s descabellados, as\u00f3mbrate con los datos m\u00e1s ins\u00f3litos y encuentra respuestas para todas esas preguntas que no te hab\u00edas hecho antes.<\/p>\n<p>\u00a1Hay 1 000 razones para leer este libro y sorprenderte!<\/p>\n","protected":false},"excerpt":{"rendered":"<p>James What<\/p>\n","protected":false},"featured_media":2660,"template":"","meta":{"_joinchat":[]},"product_brand":[],"product_cat":[54,52],"product_tag":[48],"class_list":{"0":"post-2085","1":"product","2":"type-product","3":"status-publish","4":"has-post-thumbnail","6":"product_cat-infantil","7":"product_cat-juvenil","8":"product_tag-vr-editoras","10":"first","11":"instock","12":"shipping-taxable","13":"purchasable","14":"product-type-simple"},"_links":{"self":[{"href":"https:\/\/libreriahistoriasdebolsillo.com\/index.php\/wp-json\/wp\/v2\/product\/2085","targetHints":{"allow":["GET"]}}],"collection":[{"href":"https:\/\/libreriahistoriasdebolsillo.com\/index.php\/wp-json\/wp\/v2\/product"}],"about":[{"href":"https:\/\/libreriahistoriasdebolsillo.com\/index.php\/wp-json\/wp\/v2\/types\/product"}],"wp:featuredmedia":[{"embeddable":true,"href":"https:\/\/libreriahistoriasdebolsillo.com\/index.php\/wp-json\/wp\/v2\/media\/2660"}],"wp:attachment":[{"href":"https:\/\/libreriahistoriasdebolsillo.com\/index.php\/wp-json\/wp\/v2\/media?parent=2085"}],"wp:term":[{"taxonomy":"product_brand","embeddable":true,"href":"https:\/\/libreriahistoriasdebolsillo.com\/index.php\/wp-json\/wp\/v2\/product_brand?post=2085"},{"taxonomy":"product_cat","embeddable":true,"href":"https:\/\/libreriahistoriasdebolsillo.com\/index.php\/wp-json\/wp\/v2\/product_cat?post=2085"},{"taxonomy":"product_tag","embeddable":true,"href":"https:\/\/libreriahistoriasdebolsillo.com\/index.php\/wp-json\/wp\/v2\/product_tag?post=2085"}],"curies":[{"name":"wp","href":"https:\/\/api.w.org\/{rel}","templated":true}]}}