{"id":2088,"date":"2023-11-25T12:23:30","date_gmt":"2023-11-25T18:23:30","guid":{"rendered":"https:\/\/libreriahistoriasdebolsillo.com\/?post_type=product&#038;p=2088"},"modified":"2023-11-29T16:50:57","modified_gmt":"2023-11-29T22:50:57","slug":"casi-1000-datos-asquerosos-para-saber-que-este-mundo-es-inmundo","status":"publish","type":"product","link":"https:\/\/libreriahistoriasdebolsillo.com\/index.php\/producto\/casi-1000-datos-asquerosos-para-saber-que-este-mundo-es-inmundo\/","title":{"rendered":"Casi 1,000 datos asquerosos para saber que este mundo es inmundo"},"content":{"rendered":"<p>Casi mil datos demuestran que este es un mundo para darse todos los gustos sobre todo, los horribles. Para leer lejos de las comidas y de las almas sensibles; porque hay que \u201ctener estomago\u201d para asimilar tantas cosas inmundas. \u00bfQui\u00e9n dijo que \u201csobre gustos no hay nada escrito\u201d? Error: en tus manos est\u00e1 este verdadero manual de asquerolog\u00eda para sorprenderte, divertirse y, por qu\u00e9 no, aprender malos modales.<\/p>\n","protected":false},"excerpt":{"rendered":"<p>Anibal Litvin<\/p>\n","protected":false},"featured_media":2662,"template":"","meta":{"_joinchat":[]},"product_brand":[],"product_cat":[54,52],"product_tag":[48],"class_list":{"0":"post-2088","1":"product","2":"type-product","3":"status-publish","4":"has-post-thumbnail","6":"product_cat-infantil","7":"product_cat-juvenil","8":"product_tag-vr-editoras","10":"first","11":"instock","12":"shipping-taxable","13":"purchasable","14":"product-type-simple"},"_links":{"self":[{"href":"https:\/\/libreriahistoriasdebolsillo.com\/index.php\/wp-json\/wp\/v2\/product\/2088","targetHints":{"allow":["GET"]}}],"collection":[{"href":"https:\/\/libreriahistoriasdebolsillo.com\/index.php\/wp-json\/wp\/v2\/product"}],"about":[{"href":"https:\/\/libreriahistoriasdebolsillo.com\/index.php\/wp-json\/wp\/v2\/types\/product"}],"wp:featuredmedia":[{"embeddable":true,"href":"https:\/\/libreriahistoriasdebolsillo.com\/index.php\/wp-json\/wp\/v2\/media\/2662"}],"wp:attachment":[{"href":"https:\/\/libreriahistoriasdebolsillo.com\/index.php\/wp-json\/wp\/v2\/media?parent=2088"}],"wp:term":[{"taxonomy":"product_brand","embeddable":true,"href":"https:\/\/libreriahistoriasdebolsillo.com\/index.php\/wp-json\/wp\/v2\/product_brand?post=2088"},{"taxonomy":"product_cat","embeddable":true,"href":"https:\/\/libreriahistoriasdebolsillo.com\/index.php\/wp-json\/wp\/v2\/product_cat?post=2088"},{"taxonomy":"product_tag","embeddable":true,"href":"https:\/\/libreriahistoriasdebolsillo.com\/index.php\/wp-json\/wp\/v2\/product_tag?post=2088"}],"curies":[{"name":"wp","href":"https:\/\/api.w.org\/{rel}","templated":true}]}}