{"id":2090,"date":"2023-11-25T12:24:56","date_gmt":"2023-11-25T18:24:56","guid":{"rendered":"https:\/\/libreriahistoriasdebolsillo.com\/?post_type=product&#038;p=2090"},"modified":"2023-11-29T16:50:34","modified_gmt":"2023-11-29T22:50:34","slug":"1000-datos-locos-del-futbol-americano","status":"publish","type":"product","link":"https:\/\/libreriahistoriasdebolsillo.com\/index.php\/producto\/1000-datos-locos-del-futbol-americano\/","title":{"rendered":"1000 datos locos del f\u00fatbol americano"},"content":{"rendered":"<p>En M\u00e9xico, los Acereros de Pittsburgh tienen aproximadamente 6 millones de seguidores. Durante un partido de final de campeonato, la gente come 1,300 millones de alitas de pollo antes, durante y despu\u00e9s del partido. Los Vikingos de Minnesota y los Buffalo Bills han jugado 4 veces una final de campeonato y nunca la han ganado. Once a\u00f1os pasaron para que la NFL volviera a disputar un partido en M\u00e9xico, en 2016. ?No te quedes fuera! Todo lo que siempre quisiste saber de f\u00fatbol americano est\u00e1 aqu\u00ed. Divi\u00e9rtete conociendo su historia, or\u00edgenes, equipos, r\u00e9cords, jugadores, estad\u00edsticas y finales. ?Hay 1,000 razones para leerlo y sorprenderte!<\/p>\n","protected":false},"excerpt":{"rendered":"<p>Anibal Litvin<\/p>\n","protected":false},"featured_media":2661,"template":"","meta":{"_joinchat":[]},"product_brand":[],"product_cat":[54,52],"product_tag":[48],"class_list":{"0":"post-2090","1":"product","2":"type-product","3":"status-publish","4":"has-post-thumbnail","6":"product_cat-infantil","7":"product_cat-juvenil","8":"product_tag-vr-editoras","10":"first","11":"instock","12":"shipping-taxable","13":"purchasable","14":"product-type-simple"},"_links":{"self":[{"href":"https:\/\/libreriahistoriasdebolsillo.com\/index.php\/wp-json\/wp\/v2\/product\/2090","targetHints":{"allow":["GET"]}}],"collection":[{"href":"https:\/\/libreriahistoriasdebolsillo.com\/index.php\/wp-json\/wp\/v2\/product"}],"about":[{"href":"https:\/\/libreriahistoriasdebolsillo.com\/index.php\/wp-json\/wp\/v2\/types\/product"}],"wp:featuredmedia":[{"embeddable":true,"href":"https:\/\/libreriahistoriasdebolsillo.com\/index.php\/wp-json\/wp\/v2\/media\/2661"}],"wp:attachment":[{"href":"https:\/\/libreriahistoriasdebolsillo.com\/index.php\/wp-json\/wp\/v2\/media?parent=2090"}],"wp:term":[{"taxonomy":"product_brand","embeddable":true,"href":"https:\/\/libreriahistoriasdebolsillo.com\/index.php\/wp-json\/wp\/v2\/product_brand?post=2090"},{"taxonomy":"product_cat","embeddable":true,"href":"https:\/\/libreriahistoriasdebolsillo.com\/index.php\/wp-json\/wp\/v2\/product_cat?post=2090"},{"taxonomy":"product_tag","embeddable":true,"href":"https:\/\/libreriahistoriasdebolsillo.com\/index.php\/wp-json\/wp\/v2\/product_tag?post=2090"}],"curies":[{"name":"wp","href":"https:\/\/api.w.org\/{rel}","templated":true}]}}