{"id":2098,"date":"2023-11-25T12:32:35","date_gmt":"2023-11-25T18:32:35","guid":{"rendered":"https:\/\/libreriahistoriasdebolsillo.com\/?post_type=product&#038;p=2098"},"modified":"2025-02-14T17:57:39","modified_gmt":"2025-02-14T23:57:39","slug":"el-libro-de-las-heroinas","status":"publish","type":"product","link":"https:\/\/libreriahistoriasdebolsillo.com\/index.php\/producto\/el-libro-de-las-heroinas\/","title":{"rendered":"El libro de las hero\u00ednas"},"content":{"rendered":"<p>\u00bfCu\u00e1l es tu hero\u00edna favorita? \u00bfLos poderes de cu\u00e1l te gustar\u00eda tener? \u00bfPuede la peor villana transformarse en s\u00faper hero\u00edna? Este libro re\u00fane a hero\u00ednas de todos los tiempos; a esos personajes de la literatura, el cine, los comics, dibujos y series animadas que han generado, y siguen generando, admiraci\u00f3n. Con o sin superpoderes, son ni\u00f1as y mujeres que luchan causas nobles y justas. Son fuertes inteligentes y poseen mucho valor. Y adem\u00e1s, son las protagonistas de grandes historias.<\/p>\n<p>\u00bfTe animas a conocerlas?<\/p>\n","protected":false},"excerpt":{"rendered":"<p>Anibal Litvin<\/p>\n","protected":false},"featured_media":2099,"template":"","meta":{"_joinchat":[]},"product_brand":[],"product_cat":[54],"product_tag":[48],"class_list":{"0":"post-2098","1":"product","2":"type-product","3":"status-publish","4":"has-post-thumbnail","6":"product_cat-infantil","7":"product_tag-vr-editoras","9":"first","10":"instock","11":"shipping-taxable","12":"purchasable","13":"product-type-simple"},"_links":{"self":[{"href":"https:\/\/libreriahistoriasdebolsillo.com\/index.php\/wp-json\/wp\/v2\/product\/2098","targetHints":{"allow":["GET"]}}],"collection":[{"href":"https:\/\/libreriahistoriasdebolsillo.com\/index.php\/wp-json\/wp\/v2\/product"}],"about":[{"href":"https:\/\/libreriahistoriasdebolsillo.com\/index.php\/wp-json\/wp\/v2\/types\/product"}],"wp:featuredmedia":[{"embeddable":true,"href":"https:\/\/libreriahistoriasdebolsillo.com\/index.php\/wp-json\/wp\/v2\/media\/2099"}],"wp:attachment":[{"href":"https:\/\/libreriahistoriasdebolsillo.com\/index.php\/wp-json\/wp\/v2\/media?parent=2098"}],"wp:term":[{"taxonomy":"product_brand","embeddable":true,"href":"https:\/\/libreriahistoriasdebolsillo.com\/index.php\/wp-json\/wp\/v2\/product_brand?post=2098"},{"taxonomy":"product_cat","embeddable":true,"href":"https:\/\/libreriahistoriasdebolsillo.com\/index.php\/wp-json\/wp\/v2\/product_cat?post=2098"},{"taxonomy":"product_tag","embeddable":true,"href":"https:\/\/libreriahistoriasdebolsillo.com\/index.php\/wp-json\/wp\/v2\/product_tag?post=2098"}],"curies":[{"name":"wp","href":"https:\/\/api.w.org\/{rel}","templated":true}]}}