{"id":2100,"date":"2023-11-25T12:34:06","date_gmt":"2023-11-25T18:34:06","guid":{"rendered":"https:\/\/libreriahistoriasdebolsillo.com\/?post_type=product&#038;p=2100"},"modified":"2026-03-25T15:33:17","modified_gmt":"2026-03-25T21:33:17","slug":"el-libro-de-los-villanos","status":"publish","type":"product","link":"https:\/\/libreriahistoriasdebolsillo.com\/index.php\/producto\/el-libro-de-los-villanos\/","title":{"rendered":"El libro de los villanos"},"content":{"rendered":"<p>\u00bfQui\u00e9n era Darth Vader antes de pasarse al Lado Oscuro? \u00bfCu\u00e1les son las armas m\u00e1s originales utilizadas por El Joker? \u00bfQui\u00e9n es el despiadado agente de Kaos m\u00e1s agradable de todos los tiempos? \u00bfY el asesino serial m\u00e1s encantador y culto? \u00bfQu\u00e9 h\u00e9roes y hero\u00ednas esconden un pasado oscuro? Este libro re\u00fane los secretos de los m\u00e1s variados villanos: desde los cl\u00e1sicos, como Dr\u00e1cula y Lex Luthor hasta los expertos en artes oscuras, como Skeletor y Sauron. Sin olvidarnos de brujas, asesinos seriales y animales que dejaron sus infames huellas en la historia de la ficci\u00f3n.<\/p>\n","protected":false},"excerpt":{"rendered":"<p>Anibal Litvin<\/p>\n","protected":false},"featured_media":2101,"template":"","meta":{"_joinchat":[]},"product_brand":[],"product_cat":[54],"product_tag":[48],"class_list":{"0":"post-2100","1":"product","2":"type-product","3":"status-publish","4":"has-post-thumbnail","6":"product_cat-infantil","7":"product_tag-vr-editoras","9":"first","10":"instock","11":"shipping-taxable","12":"purchasable","13":"product-type-simple"},"_links":{"self":[{"href":"https:\/\/libreriahistoriasdebolsillo.com\/index.php\/wp-json\/wp\/v2\/product\/2100","targetHints":{"allow":["GET"]}}],"collection":[{"href":"https:\/\/libreriahistoriasdebolsillo.com\/index.php\/wp-json\/wp\/v2\/product"}],"about":[{"href":"https:\/\/libreriahistoriasdebolsillo.com\/index.php\/wp-json\/wp\/v2\/types\/product"}],"wp:featuredmedia":[{"embeddable":true,"href":"https:\/\/libreriahistoriasdebolsillo.com\/index.php\/wp-json\/wp\/v2\/media\/2101"}],"wp:attachment":[{"href":"https:\/\/libreriahistoriasdebolsillo.com\/index.php\/wp-json\/wp\/v2\/media?parent=2100"}],"wp:term":[{"taxonomy":"product_brand","embeddable":true,"href":"https:\/\/libreriahistoriasdebolsillo.com\/index.php\/wp-json\/wp\/v2\/product_brand?post=2100"},{"taxonomy":"product_cat","embeddable":true,"href":"https:\/\/libreriahistoriasdebolsillo.com\/index.php\/wp-json\/wp\/v2\/product_cat?post=2100"},{"taxonomy":"product_tag","embeddable":true,"href":"https:\/\/libreriahistoriasdebolsillo.com\/index.php\/wp-json\/wp\/v2\/product_tag?post=2100"}],"curies":[{"name":"wp","href":"https:\/\/api.w.org\/{rel}","templated":true}]}}