{"id":2106,"date":"2023-11-25T12:38:27","date_gmt":"2023-11-25T18:38:27","guid":{"rendered":"https:\/\/libreriahistoriasdebolsillo.com\/?post_type=product&#038;p=2106"},"modified":"2026-04-20T16:29:02","modified_gmt":"2026-04-20T22:29:02","slug":"un-reino-muy-cerca-de-casa","status":"publish","type":"product","link":"https:\/\/libreriahistoriasdebolsillo.com\/index.php\/producto\/un-reino-muy-cerca-de-casa\/","title":{"rendered":"Un reino muy cerca de casa"},"content":{"rendered":"<p><strong>EL FUEGO DE UN DRAG\u00d3N SIN DUE\u00d1O<br \/>\n<\/strong><strong>EL REGALO DE UNA FORASTERA<br \/>\n<\/strong><strong>LA MANO DE LA LEGITIMA REINA<\/strong><\/p>\n<p>Rhonda siempre pudo oler el bosque, sin tener idea de que ol\u00eda a otro mundo\u2026 Cuando un rayo la lleva al reino de Tuldor, donde sirenas le salvan la vida y un drag\u00f3n es feliz al verla, descubre que el tirano rey Lug est\u00e1 al mando. Pero en el coraz\u00f3n del bosque, la verdadera heredera al trono, su peculiar ej\u00e9rcito de arqueras y el poderoso y cascarrabias hechicero Girasol, urden un plan.<\/p>\n<p>Plan que, sin Rhonda, no podr\u00e1 triunfar. Pero\u2026 ella hasta hace poco no ten\u00eda idea de que exist\u00edan los mundos paralelos. Ni sabe c\u00f3mo blandir una espada. \u00a1Ni siquiera cre\u00eda en la magia!<\/p>\n<p><strong>\u00bfTENDR\u00c1 LO QUE SE NECESITA PARA SALVAR A TULDOR?<\/strong><\/p>\n","protected":false},"excerpt":{"rendered":"<p>Gilda Manso<\/p>\n","protected":false},"featured_media":2612,"template":"","meta":{"_joinchat":[]},"product_brand":[],"product_cat":[39,54,52],"product_tag":[48],"class_list":{"0":"post-2106","1":"product","2":"type-product","3":"status-publish","4":"has-post-thumbnail","6":"product_cat-fantasia","7":"product_cat-infantil","8":"product_cat-juvenil","9":"product_tag-vr-editoras","11":"first","12":"instock","13":"shipping-taxable","14":"purchasable","15":"product-type-simple"},"_links":{"self":[{"href":"https:\/\/libreriahistoriasdebolsillo.com\/index.php\/wp-json\/wp\/v2\/product\/2106","targetHints":{"allow":["GET"]}}],"collection":[{"href":"https:\/\/libreriahistoriasdebolsillo.com\/index.php\/wp-json\/wp\/v2\/product"}],"about":[{"href":"https:\/\/libreriahistoriasdebolsillo.com\/index.php\/wp-json\/wp\/v2\/types\/product"}],"wp:featuredmedia":[{"embeddable":true,"href":"https:\/\/libreriahistoriasdebolsillo.com\/index.php\/wp-json\/wp\/v2\/media\/2612"}],"wp:attachment":[{"href":"https:\/\/libreriahistoriasdebolsillo.com\/index.php\/wp-json\/wp\/v2\/media?parent=2106"}],"wp:term":[{"taxonomy":"product_brand","embeddable":true,"href":"https:\/\/libreriahistoriasdebolsillo.com\/index.php\/wp-json\/wp\/v2\/product_brand?post=2106"},{"taxonomy":"product_cat","embeddable":true,"href":"https:\/\/libreriahistoriasdebolsillo.com\/index.php\/wp-json\/wp\/v2\/product_cat?post=2106"},{"taxonomy":"product_tag","embeddable":true,"href":"https:\/\/libreriahistoriasdebolsillo.com\/index.php\/wp-json\/wp\/v2\/product_tag?post=2106"}],"curies":[{"name":"wp","href":"https:\/\/api.w.org\/{rel}","templated":true}]}}