{"id":2109,"date":"2023-11-25T12:40:53","date_gmt":"2023-11-25T18:40:53","guid":{"rendered":"https:\/\/libreriahistoriasdebolsillo.com\/?post_type=product&#038;p=2109"},"modified":"2024-02-06T17:17:37","modified_gmt":"2024-02-06T23:17:37","slug":"el-cumpleanos-sin-fin-la-torre-menguante-1","status":"publish","type":"product","link":"https:\/\/libreriahistoriasdebolsillo.com\/index.php\/producto\/el-cumpleanos-sin-fin-la-torre-menguante-1\/","title":{"rendered":"El cumplea\u00f1os sin fin, La torre menguante 1"},"content":{"rendered":"<p>\u00bfY si tus nuevos vecinos fueran fantasmas? Teo Pippin est\u00e1 por cumplir 11 a\u00f1os y se acaba de mudar a un nuevo edificio. Sus padres fueron contratados como caseros y cazafantasmas de La Torre Menguante: el rascacielos m\u00e1s alto, tenebroso y abandonado de la ciudad. Pronto Teo descubrir\u00e1 que no est\u00e1n solos. ?Por qu\u00e9 esos espectros le piden ayuda? ?Cu\u00e1ntas maldiciones esconde la Torre? ?Por qu\u00e9 una fantasma y su mascota lo acechan en monopat\u00edn? El cumplea\u00f1os sin fin es el primer libro de la serie La Torre Menguante, escrita por la talentosa Cecilia Pisos.<\/p>\n","protected":false},"excerpt":{"rendered":"<p>Cecilia Pisos<\/p>\n","protected":false},"featured_media":2110,"template":"","meta":{"_joinchat":[]},"product_brand":[],"product_cat":[54],"product_tag":[48],"class_list":{"0":"post-2109","1":"product","2":"type-product","3":"status-publish","4":"has-post-thumbnail","6":"product_cat-infantil","7":"product_tag-vr-editoras","9":"first","10":"outofstock","11":"shipping-taxable","12":"purchasable","13":"product-type-simple"},"_links":{"self":[{"href":"https:\/\/libreriahistoriasdebolsillo.com\/index.php\/wp-json\/wp\/v2\/product\/2109","targetHints":{"allow":["GET"]}}],"collection":[{"href":"https:\/\/libreriahistoriasdebolsillo.com\/index.php\/wp-json\/wp\/v2\/product"}],"about":[{"href":"https:\/\/libreriahistoriasdebolsillo.com\/index.php\/wp-json\/wp\/v2\/types\/product"}],"wp:featuredmedia":[{"embeddable":true,"href":"https:\/\/libreriahistoriasdebolsillo.com\/index.php\/wp-json\/wp\/v2\/media\/2110"}],"wp:attachment":[{"href":"https:\/\/libreriahistoriasdebolsillo.com\/index.php\/wp-json\/wp\/v2\/media?parent=2109"}],"wp:term":[{"taxonomy":"product_brand","embeddable":true,"href":"https:\/\/libreriahistoriasdebolsillo.com\/index.php\/wp-json\/wp\/v2\/product_brand?post=2109"},{"taxonomy":"product_cat","embeddable":true,"href":"https:\/\/libreriahistoriasdebolsillo.com\/index.php\/wp-json\/wp\/v2\/product_cat?post=2109"},{"taxonomy":"product_tag","embeddable":true,"href":"https:\/\/libreriahistoriasdebolsillo.com\/index.php\/wp-json\/wp\/v2\/product_tag?post=2109"}],"curies":[{"name":"wp","href":"https:\/\/api.w.org\/{rel}","templated":true}]}}