{"id":2113,"date":"2023-11-25T12:44:33","date_gmt":"2023-11-25T18:44:33","guid":{"rendered":"https:\/\/libreriahistoriasdebolsillo.com\/?post_type=product&#038;p=2113"},"modified":"2024-06-25T13:22:54","modified_gmt":"2024-06-25T19:22:54","slug":"el-poder-de-tus-palabras","status":"publish","type":"product","link":"https:\/\/libreriahistoriasdebolsillo.com\/index.php\/producto\/el-poder-de-tus-palabras\/","title":{"rendered":"El poder de tus palabras"},"content":{"rendered":"<p>\u00bfQu\u00e9 har\u00edas si te dijera que tienes el poder de cumplir tus sue\u00f1os, de derribar muros y de ayudar a quien lo necesite? Cr\u00e9eme tienes \u201cEl poder de tus palabras\u201d. Esa fuerza que te da a conocer y te conecta con los dem\u00e1s. En este libro encontrar\u00e1s algunas pistas de c\u00f3mo encontrar ese superpoder que hay en ti y ejercitarlo para atraer lo mejor de la vida. Con hermosas ilustraciones, formato atractivo a cuatro colores. Primer t\u00edtulo de la colecci\u00f3n: S\u00f3lo para chicas ultrapoderosas.<\/p>\n","protected":false},"excerpt":{"rendered":"<p>Mar\u00eda In\u00e9s Balb\u00edn<\/p>\n","protected":false},"featured_media":2114,"template":"","meta":{"_joinchat":[]},"product_brand":[],"product_cat":[58,54,41],"product_tag":[48],"class_list":{"0":"post-2113","1":"product","2":"type-product","3":"status-publish","4":"has-post-thumbnail","6":"product_cat-desarrollo-humano-y-superacion","7":"product_cat-infantil","8":"product_cat-desarrollo-humano","9":"product_tag-vr-editoras","11":"first","12":"instock","13":"shipping-taxable","14":"purchasable","15":"product-type-simple"},"_links":{"self":[{"href":"https:\/\/libreriahistoriasdebolsillo.com\/index.php\/wp-json\/wp\/v2\/product\/2113","targetHints":{"allow":["GET"]}}],"collection":[{"href":"https:\/\/libreriahistoriasdebolsillo.com\/index.php\/wp-json\/wp\/v2\/product"}],"about":[{"href":"https:\/\/libreriahistoriasdebolsillo.com\/index.php\/wp-json\/wp\/v2\/types\/product"}],"wp:featuredmedia":[{"embeddable":true,"href":"https:\/\/libreriahistoriasdebolsillo.com\/index.php\/wp-json\/wp\/v2\/media\/2114"}],"wp:attachment":[{"href":"https:\/\/libreriahistoriasdebolsillo.com\/index.php\/wp-json\/wp\/v2\/media?parent=2113"}],"wp:term":[{"taxonomy":"product_brand","embeddable":true,"href":"https:\/\/libreriahistoriasdebolsillo.com\/index.php\/wp-json\/wp\/v2\/product_brand?post=2113"},{"taxonomy":"product_cat","embeddable":true,"href":"https:\/\/libreriahistoriasdebolsillo.com\/index.php\/wp-json\/wp\/v2\/product_cat?post=2113"},{"taxonomy":"product_tag","embeddable":true,"href":"https:\/\/libreriahistoriasdebolsillo.com\/index.php\/wp-json\/wp\/v2\/product_tag?post=2113"}],"curies":[{"name":"wp","href":"https:\/\/api.w.org\/{rel}","templated":true}]}}