{"id":2115,"date":"2023-11-25T12:46:36","date_gmt":"2023-11-25T18:46:36","guid":{"rendered":"https:\/\/libreriahistoriasdebolsillo.com\/?post_type=product&#038;p=2115"},"modified":"2025-03-11T12:48:42","modified_gmt":"2025-03-11T18:48:42","slug":"la-chica-mas-rara-del-mundo","status":"publish","type":"product","link":"https:\/\/libreriahistoriasdebolsillo.com\/index.php\/producto\/la-chica-mas-rara-del-mundo\/","title":{"rendered":"La chica m\u00e1s rara del mundo"},"content":{"rendered":"<p><strong>LA IMAGINACI\u00d3N ES UN PODER\u2026<\/strong><\/p>\n<p>A Meli\u00e9n le fascinan las historias de terror.<\/p>\n<p>Ella lee mucho, escribe, dibuja e imagina personajes y situaciones terror\u00edficas. Sin embargo, a algunos de sus compa\u00f1eros de escuela no les agrada su forma de ser y planean quitarle la alegr\u00eda a \u201cLa chica m\u00e1s rara del mundo\u201d.<\/p>\n<p>Cuando la encierran en una casa embrujada, en donde se rumorea que aparece la tenebrosa chica de blanco, \u00bfpodr\u00e1n lograr su cometido? \u00bfQu\u00e9 pasar\u00eda si la imaginaci\u00f3n de Meli\u00e9n cobrara vida?<\/p>\n","protected":false},"excerpt":{"rendered":"<p>Mariano Cattaneo<\/p>\n","protected":false},"featured_media":2663,"template":"","meta":{"_joinchat":[]},"product_brand":[],"product_cat":[54,52],"product_tag":[48],"class_list":{"0":"post-2115","1":"product","2":"type-product","3":"status-publish","4":"has-post-thumbnail","6":"product_cat-infantil","7":"product_cat-juvenil","8":"product_tag-vr-editoras","10":"first","11":"instock","12":"shipping-taxable","13":"purchasable","14":"product-type-simple"},"_links":{"self":[{"href":"https:\/\/libreriahistoriasdebolsillo.com\/index.php\/wp-json\/wp\/v2\/product\/2115","targetHints":{"allow":["GET"]}}],"collection":[{"href":"https:\/\/libreriahistoriasdebolsillo.com\/index.php\/wp-json\/wp\/v2\/product"}],"about":[{"href":"https:\/\/libreriahistoriasdebolsillo.com\/index.php\/wp-json\/wp\/v2\/types\/product"}],"wp:featuredmedia":[{"embeddable":true,"href":"https:\/\/libreriahistoriasdebolsillo.com\/index.php\/wp-json\/wp\/v2\/media\/2663"}],"wp:attachment":[{"href":"https:\/\/libreriahistoriasdebolsillo.com\/index.php\/wp-json\/wp\/v2\/media?parent=2115"}],"wp:term":[{"taxonomy":"product_brand","embeddable":true,"href":"https:\/\/libreriahistoriasdebolsillo.com\/index.php\/wp-json\/wp\/v2\/product_brand?post=2115"},{"taxonomy":"product_cat","embeddable":true,"href":"https:\/\/libreriahistoriasdebolsillo.com\/index.php\/wp-json\/wp\/v2\/product_cat?post=2115"},{"taxonomy":"product_tag","embeddable":true,"href":"https:\/\/libreriahistoriasdebolsillo.com\/index.php\/wp-json\/wp\/v2\/product_tag?post=2115"}],"curies":[{"name":"wp","href":"https:\/\/api.w.org\/{rel}","templated":true}]}}