{"id":2160,"date":"2023-11-25T13:11:29","date_gmt":"2023-11-25T19:11:29","guid":{"rendered":"https:\/\/libreriahistoriasdebolsillo.com\/?post_type=product&#038;p=2160"},"modified":"2025-02-14T18:19:36","modified_gmt":"2025-02-15T00:19:36","slug":"mis-animagenes-el-mercado","status":"publish","type":"product","link":"https:\/\/libreriahistoriasdebolsillo.com\/index.php\/producto\/mis-animagenes-el-mercado\/","title":{"rendered":"Mis anim\u00e1genes el mercado"},"content":{"rendered":"<p>Descubre los alimentos que comes todos los d\u00edas, gracias a mecanismos simples y f\u00e1ciles de usar. \u00a1Y divi\u00e9rtete adivinando en las \u00faltimas p\u00e1ginas lo que se esconde bajo las pesta\u00f1as!<\/p>\n","protected":false},"excerpt":{"rendered":"<p>Edici\u00f3n en pasta dura, con hojas gruesas y mecanismos interactivos<\/p>\n","protected":false},"featured_media":2164,"template":"","meta":{"_joinchat":[]},"product_brand":[],"product_cat":[54],"product_tag":[48],"class_list":{"0":"post-2160","1":"product","2":"type-product","3":"status-publish","4":"has-post-thumbnail","6":"product_cat-infantil","7":"product_tag-vr-editoras","9":"first","10":"outofstock","11":"shipping-taxable","12":"purchasable","13":"product-type-simple"},"_links":{"self":[{"href":"https:\/\/libreriahistoriasdebolsillo.com\/index.php\/wp-json\/wp\/v2\/product\/2160","targetHints":{"allow":["GET"]}}],"collection":[{"href":"https:\/\/libreriahistoriasdebolsillo.com\/index.php\/wp-json\/wp\/v2\/product"}],"about":[{"href":"https:\/\/libreriahistoriasdebolsillo.com\/index.php\/wp-json\/wp\/v2\/types\/product"}],"wp:featuredmedia":[{"embeddable":true,"href":"https:\/\/libreriahistoriasdebolsillo.com\/index.php\/wp-json\/wp\/v2\/media\/2164"}],"wp:attachment":[{"href":"https:\/\/libreriahistoriasdebolsillo.com\/index.php\/wp-json\/wp\/v2\/media?parent=2160"}],"wp:term":[{"taxonomy":"product_brand","embeddable":true,"href":"https:\/\/libreriahistoriasdebolsillo.com\/index.php\/wp-json\/wp\/v2\/product_brand?post=2160"},{"taxonomy":"product_cat","embeddable":true,"href":"https:\/\/libreriahistoriasdebolsillo.com\/index.php\/wp-json\/wp\/v2\/product_cat?post=2160"},{"taxonomy":"product_tag","embeddable":true,"href":"https:\/\/libreriahistoriasdebolsillo.com\/index.php\/wp-json\/wp\/v2\/product_tag?post=2160"}],"curies":[{"name":"wp","href":"https:\/\/api.w.org\/{rel}","templated":true}]}}