{"id":2171,"date":"2023-11-25T13:17:35","date_gmt":"2023-11-25T19:17:35","guid":{"rendered":"https:\/\/libreriahistoriasdebolsillo.com\/?post_type=product&#038;p=2171"},"modified":"2024-02-06T17:30:20","modified_gmt":"2024-02-06T23:30:20","slug":"no-me-molesten","status":"publish","type":"product","link":"https:\/\/libreriahistoriasdebolsillo.com\/index.php\/producto\/no-me-molesten\/","title":{"rendered":"\u00a1No me molesten!"},"content":{"rendered":"<p>Le\u00f3n es un gru\u00f1\u00f3n que no soporta a la banda de m\u00fasica que lo persigue alegremente: \u00a1qu\u00e9 ruidosos son!<\/p>\n<p>Ay\u00fadalo a escapar con los divertidos mecanismos animados. Haz que suba por una escalera, que se esconda en una caja o detr\u00e1s del librero para que\u00a0<strong>NO LO MOLESTEN<\/strong>.<\/p>\n<p><em>Una historia l\u00fadica y entretenida con la que los peque\u00f1os aprender\u00e1n vocabulario b\u00e1sico y ejercitar\u00e1n sus habilidades espaciales.<\/em><\/p>\n","protected":false},"excerpt":{"rendered":"<p>Edici\u00f3n en pasta dura, con hojas gruesas y mecanismos interactivos<\/p>\n","protected":false},"featured_media":2175,"template":"","meta":{"_joinchat":[]},"product_brand":[],"product_cat":[54],"product_tag":[48],"class_list":{"0":"post-2171","1":"product","2":"type-product","3":"status-publish","4":"has-post-thumbnail","6":"product_cat-infantil","7":"product_tag-vr-editoras","9":"first","10":"outofstock","11":"shipping-taxable","12":"purchasable","13":"product-type-simple"},"_links":{"self":[{"href":"https:\/\/libreriahistoriasdebolsillo.com\/index.php\/wp-json\/wp\/v2\/product\/2171","targetHints":{"allow":["GET"]}}],"collection":[{"href":"https:\/\/libreriahistoriasdebolsillo.com\/index.php\/wp-json\/wp\/v2\/product"}],"about":[{"href":"https:\/\/libreriahistoriasdebolsillo.com\/index.php\/wp-json\/wp\/v2\/types\/product"}],"wp:featuredmedia":[{"embeddable":true,"href":"https:\/\/libreriahistoriasdebolsillo.com\/index.php\/wp-json\/wp\/v2\/media\/2175"}],"wp:attachment":[{"href":"https:\/\/libreriahistoriasdebolsillo.com\/index.php\/wp-json\/wp\/v2\/media?parent=2171"}],"wp:term":[{"taxonomy":"product_brand","embeddable":true,"href":"https:\/\/libreriahistoriasdebolsillo.com\/index.php\/wp-json\/wp\/v2\/product_brand?post=2171"},{"taxonomy":"product_cat","embeddable":true,"href":"https:\/\/libreriahistoriasdebolsillo.com\/index.php\/wp-json\/wp\/v2\/product_cat?post=2171"},{"taxonomy":"product_tag","embeddable":true,"href":"https:\/\/libreriahistoriasdebolsillo.com\/index.php\/wp-json\/wp\/v2\/product_tag?post=2171"}],"curies":[{"name":"wp","href":"https:\/\/api.w.org\/{rel}","templated":true}]}}