{"id":2176,"date":"2023-11-25T13:20:31","date_gmt":"2023-11-25T19:20:31","guid":{"rendered":"https:\/\/libreriahistoriasdebolsillo.com\/?post_type=product&#038;p=2176"},"modified":"2024-04-03T10:41:14","modified_gmt":"2024-04-03T16:41:14","slug":"elmer-y-rosa","status":"publish","type":"product","link":"https:\/\/libreriahistoriasdebolsillo.com\/index.php\/producto\/elmer-y-rosa\/","title":{"rendered":"Elmer y Rosa"},"content":{"rendered":"<p>El abuelo Eldo les pide a Elmer y a Wilbur que acompa\u00f1en a una peque\u00f1a elefante que ha perdido su manada. \u00a1Qu\u00e9 sorpresa cuando ven que la peque\u00f1a es toda de color rosa! Mientras ayudan a su nueva amiga a encontrar a los suyos, Elmer y Wilbur aprenden una valiosa lecci\u00f3n sobre lo que significa ser diferente. Elmer es el elefante favorito de los m\u00e1s peque\u00f1os. Y es que en la selva no hay otro como \u00e9l: sus colores vivos lo hacen distinto a los dem\u00e1s.<\/p>\n","protected":false},"excerpt":{"rendered":"<p>David Mckee<\/p>\n","protected":false},"featured_media":2177,"template":"","meta":{"_joinchat":[]},"product_brand":[],"product_cat":[54,51],"product_tag":[34],"class_list":{"0":"post-2176","1":"product","2":"type-product","3":"status-publish","4":"has-post-thumbnail","6":"product_cat-infantil","7":"product_cat-oferta","8":"product_tag-penguin-random-house","10":"first","11":"outofstock","12":"shipping-taxable","13":"purchasable","14":"product-type-simple"},"_links":{"self":[{"href":"https:\/\/libreriahistoriasdebolsillo.com\/index.php\/wp-json\/wp\/v2\/product\/2176","targetHints":{"allow":["GET"]}}],"collection":[{"href":"https:\/\/libreriahistoriasdebolsillo.com\/index.php\/wp-json\/wp\/v2\/product"}],"about":[{"href":"https:\/\/libreriahistoriasdebolsillo.com\/index.php\/wp-json\/wp\/v2\/types\/product"}],"wp:featuredmedia":[{"embeddable":true,"href":"https:\/\/libreriahistoriasdebolsillo.com\/index.php\/wp-json\/wp\/v2\/media\/2177"}],"wp:attachment":[{"href":"https:\/\/libreriahistoriasdebolsillo.com\/index.php\/wp-json\/wp\/v2\/media?parent=2176"}],"wp:term":[{"taxonomy":"product_brand","embeddable":true,"href":"https:\/\/libreriahistoriasdebolsillo.com\/index.php\/wp-json\/wp\/v2\/product_brand?post=2176"},{"taxonomy":"product_cat","embeddable":true,"href":"https:\/\/libreriahistoriasdebolsillo.com\/index.php\/wp-json\/wp\/v2\/product_cat?post=2176"},{"taxonomy":"product_tag","embeddable":true,"href":"https:\/\/libreriahistoriasdebolsillo.com\/index.php\/wp-json\/wp\/v2\/product_tag?post=2176"}],"curies":[{"name":"wp","href":"https:\/\/api.w.org\/{rel}","templated":true}]}}