{"id":2205,"date":"2023-11-25T13:38:35","date_gmt":"2023-11-25T19:38:35","guid":{"rendered":"https:\/\/libreriahistoriasdebolsillo.com\/?post_type=product&#038;p=2205"},"modified":"2025-03-10T10:19:04","modified_gmt":"2025-03-10T16:19:04","slug":"harry-potter-y-el-caliz-de-fuego-harry-potter-4","status":"publish","type":"product","link":"https:\/\/libreriahistoriasdebolsillo.com\/index.php\/producto\/harry-potter-y-el-caliz-de-fuego-harry-potter-4\/","title":{"rendered":"Harry Potter 4. El c\u00e1liz de fuego"},"content":{"rendered":"<p>El\u00a0<b>Torneo de los Tres Magos<\/b>\u00a0va a celebrarse en Hogwarts. S\u00f3lo los alumnos mayores de diecisiete a\u00f1os pueden participar en esta competici\u00f3n, pero, aun as\u00ed, Harry sue\u00f1a con ganarla. En Halloween, cuando el\u00a0<b>c\u00e1liz de fuego<\/b>\u00a0elige a los campeones, Harry se lleva una sorpresa al ver que su nombre es uno de los escogidos por el c\u00e1liz m\u00e1gico. Durante el torneo deber\u00e1 enfrentarse a\u00a0<b>desaf\u00edos mortales, dragones y magos tenebrosos<\/b>, pero con la ayuda de\u00a0<b>Ron y Hermione<\/b>, sus mejores amigos, \u00a1quiz\u00e1 logre salir con vida!<\/p>\n","protected":false},"excerpt":{"rendered":"<p>J.K. Rowling<\/p>\n","protected":false},"featured_media":2207,"template":"","meta":{"_joinchat":[]},"product_brand":[],"product_cat":[39,54,52],"product_tag":[34],"class_list":{"0":"post-2205","1":"product","2":"type-product","3":"status-publish","4":"has-post-thumbnail","6":"product_cat-fantasia","7":"product_cat-infantil","8":"product_cat-juvenil","9":"product_tag-penguin-random-house","11":"first","12":"instock","13":"shipping-taxable","14":"purchasable","15":"product-type-simple"},"_links":{"self":[{"href":"https:\/\/libreriahistoriasdebolsillo.com\/index.php\/wp-json\/wp\/v2\/product\/2205","targetHints":{"allow":["GET"]}}],"collection":[{"href":"https:\/\/libreriahistoriasdebolsillo.com\/index.php\/wp-json\/wp\/v2\/product"}],"about":[{"href":"https:\/\/libreriahistoriasdebolsillo.com\/index.php\/wp-json\/wp\/v2\/types\/product"}],"wp:featuredmedia":[{"embeddable":true,"href":"https:\/\/libreriahistoriasdebolsillo.com\/index.php\/wp-json\/wp\/v2\/media\/2207"}],"wp:attachment":[{"href":"https:\/\/libreriahistoriasdebolsillo.com\/index.php\/wp-json\/wp\/v2\/media?parent=2205"}],"wp:term":[{"taxonomy":"product_brand","embeddable":true,"href":"https:\/\/libreriahistoriasdebolsillo.com\/index.php\/wp-json\/wp\/v2\/product_brand?post=2205"},{"taxonomy":"product_cat","embeddable":true,"href":"https:\/\/libreriahistoriasdebolsillo.com\/index.php\/wp-json\/wp\/v2\/product_cat?post=2205"},{"taxonomy":"product_tag","embeddable":true,"href":"https:\/\/libreriahistoriasdebolsillo.com\/index.php\/wp-json\/wp\/v2\/product_tag?post=2205"}],"curies":[{"name":"wp","href":"https:\/\/api.w.org\/{rel}","templated":true}]}}