{"id":2213,"date":"2023-11-25T13:43:26","date_gmt":"2023-11-25T19:43:26","guid":{"rendered":"https:\/\/libreriahistoriasdebolsillo.com\/?post_type=product&#038;p=2213"},"modified":"2025-02-18T11:56:38","modified_gmt":"2025-02-18T17:56:38","slug":"harry-potter-y-las-reliquias-de-la-muerte-harry-potter-7","status":"publish","type":"product","link":"https:\/\/libreriahistoriasdebolsillo.com\/index.php\/producto\/harry-potter-y-las-reliquias-de-la-muerte-harry-potter-7\/","title":{"rendered":"Harry Potter 7. Las reliquias de la muerte"},"content":{"rendered":"<p>Cuando Harry Potter se monta en el sidecar de la moto de Hagrid y se eleva en el cielo, dejando\u00a0<b>Privet Drive\u00a0<\/b>por \u00faltima vez, sabe que lord Voldemort y sus mort\u00edfagos se hallan cerca. El encantamiento protector que lo hab\u00eda mantenido a salvo se ha roto, y ya no puede seguir escondi\u00e9ndose. Y para detener al Se\u00f1or Tenebroso, que se dedica a aterrorizar a todos sus seres queridos, Harry habr\u00e1 de\u00a0<b>encontrar y destruir los Horrocruxes\u00a0<\/b>que quedan.\u00a0<b>La batalla definitiva debe comenzar: Harry tendr\u00e1 que alzarse y enfrentarse a su enemigo&#8230;<\/b><\/p>\n","protected":false},"excerpt":{"rendered":"<p>J.K. Rowling<\/p>\n","protected":false},"featured_media":2215,"template":"","meta":{"_joinchat":[]},"product_brand":[],"product_cat":[39,54,52],"product_tag":[34],"class_list":{"0":"post-2213","1":"product","2":"type-product","3":"status-publish","4":"has-post-thumbnail","6":"product_cat-fantasia","7":"product_cat-infantil","8":"product_cat-juvenil","9":"product_tag-penguin-random-house","11":"first","12":"outofstock","13":"shipping-taxable","14":"purchasable","15":"product-type-simple"},"_links":{"self":[{"href":"https:\/\/libreriahistoriasdebolsillo.com\/index.php\/wp-json\/wp\/v2\/product\/2213","targetHints":{"allow":["GET"]}}],"collection":[{"href":"https:\/\/libreriahistoriasdebolsillo.com\/index.php\/wp-json\/wp\/v2\/product"}],"about":[{"href":"https:\/\/libreriahistoriasdebolsillo.com\/index.php\/wp-json\/wp\/v2\/types\/product"}],"wp:featuredmedia":[{"embeddable":true,"href":"https:\/\/libreriahistoriasdebolsillo.com\/index.php\/wp-json\/wp\/v2\/media\/2215"}],"wp:attachment":[{"href":"https:\/\/libreriahistoriasdebolsillo.com\/index.php\/wp-json\/wp\/v2\/media?parent=2213"}],"wp:term":[{"taxonomy":"product_brand","embeddable":true,"href":"https:\/\/libreriahistoriasdebolsillo.com\/index.php\/wp-json\/wp\/v2\/product_brand?post=2213"},{"taxonomy":"product_cat","embeddable":true,"href":"https:\/\/libreriahistoriasdebolsillo.com\/index.php\/wp-json\/wp\/v2\/product_cat?post=2213"},{"taxonomy":"product_tag","embeddable":true,"href":"https:\/\/libreriahistoriasdebolsillo.com\/index.php\/wp-json\/wp\/v2\/product_tag?post=2213"}],"curies":[{"name":"wp","href":"https:\/\/api.w.org\/{rel}","templated":true}]}}