{"id":2216,"date":"2023-11-25T13:45:11","date_gmt":"2023-11-25T19:45:11","guid":{"rendered":"https:\/\/libreriahistoriasdebolsillo.com\/?post_type=product&#038;p=2216"},"modified":"2024-04-27T17:03:23","modified_gmt":"2024-04-27T23:03:23","slug":"harry-potter-y-la-piedra-filosofal-harry-potter-1-2","status":"publish","type":"product","link":"https:\/\/libreriahistoriasdebolsillo.com\/index.php\/producto\/harry-potter-y-la-piedra-filosofal-harry-potter-1-2\/","title":{"rendered":"Harry Potter 1. La piedra filosofal"},"content":{"rendered":"<p>Harry Potter nunca ha o\u00eddo hablar de\u00a0<b>Hogwarts<\/b>\u00a0cuando en el felpudo del n\u00famero 4 de Privet Drive empieza a caer una lluvia de sobres de pergamino amarillento, con la direcci\u00f3n escrita con tinta verde y un sello de lacre p\u00farpura. Y aunque los horribles t\u00edos de Harry se apresuran a confiscar las cartas, el d\u00eda que Harry cumple once a\u00f1os un hombre gigantesco llamado\u00a0<b>Rubeus Hagrid<\/b>, cuyos ojos brillan como escarabajos negros, irrumpe con una noticia extraordinaria:\u00a0<b>Harry Potter es un mago, y le han concedido una plaza en el Colegio Hogwarts de Magia y Hechicer\u00eda.<\/b><\/p>\n<p><b>\u00a1Una aventura incre\u00edble est\u00e1 a punto de comenzar!<\/b><\/p>\n","protected":false},"excerpt":{"rendered":"<p>J.K. Rowling<\/p>\n","protected":false},"featured_media":2218,"template":"","meta":{"_joinchat":[]},"product_brand":[],"product_cat":[39,54,52],"product_tag":[34],"class_list":{"0":"post-2216","1":"product","2":"type-product","3":"status-publish","4":"has-post-thumbnail","6":"product_cat-fantasia","7":"product_cat-infantil","8":"product_cat-juvenil","9":"product_tag-penguin-random-house","11":"first","12":"outofstock","13":"shipping-taxable","14":"purchasable","15":"product-type-simple"},"_links":{"self":[{"href":"https:\/\/libreriahistoriasdebolsillo.com\/index.php\/wp-json\/wp\/v2\/product\/2216","targetHints":{"allow":["GET"]}}],"collection":[{"href":"https:\/\/libreriahistoriasdebolsillo.com\/index.php\/wp-json\/wp\/v2\/product"}],"about":[{"href":"https:\/\/libreriahistoriasdebolsillo.com\/index.php\/wp-json\/wp\/v2\/types\/product"}],"wp:featuredmedia":[{"embeddable":true,"href":"https:\/\/libreriahistoriasdebolsillo.com\/index.php\/wp-json\/wp\/v2\/media\/2218"}],"wp:attachment":[{"href":"https:\/\/libreriahistoriasdebolsillo.com\/index.php\/wp-json\/wp\/v2\/media?parent=2216"}],"wp:term":[{"taxonomy":"product_brand","embeddable":true,"href":"https:\/\/libreriahistoriasdebolsillo.com\/index.php\/wp-json\/wp\/v2\/product_brand?post=2216"},{"taxonomy":"product_cat","embeddable":true,"href":"https:\/\/libreriahistoriasdebolsillo.com\/index.php\/wp-json\/wp\/v2\/product_cat?post=2216"},{"taxonomy":"product_tag","embeddable":true,"href":"https:\/\/libreriahistoriasdebolsillo.com\/index.php\/wp-json\/wp\/v2\/product_tag?post=2216"}],"curies":[{"name":"wp","href":"https:\/\/api.w.org\/{rel}","templated":true}]}}