{"id":2219,"date":"2023-11-25T13:46:48","date_gmt":"2023-11-25T19:46:48","guid":{"rendered":"https:\/\/libreriahistoriasdebolsillo.com\/?post_type=product&#038;p=2219"},"modified":"2024-04-12T18:09:12","modified_gmt":"2024-04-13T00:09:12","slug":"harry-potter-y-la-camara-secreta-harry-potter-2-2","status":"publish","type":"product","link":"https:\/\/libreriahistoriasdebolsillo.com\/index.php\/producto\/harry-potter-y-la-camara-secreta-harry-potter-2-2\/","title":{"rendered":"Harry Potter 2. La c\u00e1mara secreta"},"content":{"rendered":"<p>El verano de Harry Potter ha incluido el peor cumplea\u00f1os de su vida, las funestas advertencias de un elfo dom\u00e9stico llamado Dobby y el rescate de casa de los Dursley protagonizado por su amigo Ron Weasley al volante de un coche m\u00e1gico volador. De vuelta en el Colegio Hogwarts de Magia y Hechicer\u00eda, donde va a empezar su segundo curso, Harry oye unos extra\u00f1os susurros que resuenan por los pasillos vac\u00edos. Y entonces empiezan los ataques y varios alumnos aparecen petrificados&#8230; Por lo visto, las siniestras predicciones de Dobby se est\u00e1n cumpliendo&#8230;.<\/p>\n","protected":false},"excerpt":{"rendered":"<p>J.K. Rowling<\/p>\n","protected":false},"featured_media":2221,"template":"","meta":{"_joinchat":[]},"product_brand":[],"product_cat":[39,54,52],"product_tag":[34],"class_list":{"0":"post-2219","1":"product","2":"type-product","3":"status-publish","4":"has-post-thumbnail","6":"product_cat-fantasia","7":"product_cat-infantil","8":"product_cat-juvenil","9":"product_tag-penguin-random-house","11":"first","12":"outofstock","13":"shipping-taxable","14":"purchasable","15":"product-type-simple"},"_links":{"self":[{"href":"https:\/\/libreriahistoriasdebolsillo.com\/index.php\/wp-json\/wp\/v2\/product\/2219","targetHints":{"allow":["GET"]}}],"collection":[{"href":"https:\/\/libreriahistoriasdebolsillo.com\/index.php\/wp-json\/wp\/v2\/product"}],"about":[{"href":"https:\/\/libreriahistoriasdebolsillo.com\/index.php\/wp-json\/wp\/v2\/types\/product"}],"wp:featuredmedia":[{"embeddable":true,"href":"https:\/\/libreriahistoriasdebolsillo.com\/index.php\/wp-json\/wp\/v2\/media\/2221"}],"wp:attachment":[{"href":"https:\/\/libreriahistoriasdebolsillo.com\/index.php\/wp-json\/wp\/v2\/media?parent=2219"}],"wp:term":[{"taxonomy":"product_brand","embeddable":true,"href":"https:\/\/libreriahistoriasdebolsillo.com\/index.php\/wp-json\/wp\/v2\/product_brand?post=2219"},{"taxonomy":"product_cat","embeddable":true,"href":"https:\/\/libreriahistoriasdebolsillo.com\/index.php\/wp-json\/wp\/v2\/product_cat?post=2219"},{"taxonomy":"product_tag","embeddable":true,"href":"https:\/\/libreriahistoriasdebolsillo.com\/index.php\/wp-json\/wp\/v2\/product_tag?post=2219"}],"curies":[{"name":"wp","href":"https:\/\/api.w.org\/{rel}","templated":true}]}}