{"id":2222,"date":"2023-11-25T13:48:37","date_gmt":"2023-11-25T19:48:37","guid":{"rendered":"https:\/\/libreriahistoriasdebolsillo.com\/?post_type=product&#038;p=2222"},"modified":"2024-01-05T11:25:40","modified_gmt":"2024-01-05T17:25:40","slug":"harry-potter-y-el-prisionero-de-azkaban-harry-potter-3-edicion-gryffindor-del-20o-aniversario","status":"publish","type":"product","link":"https:\/\/libreriahistoriasdebolsillo.com\/index.php\/producto\/harry-potter-y-el-prisionero-de-azkaban-harry-potter-3-edicion-gryffindor-del-20o-aniversario\/","title":{"rendered":"Harry Potter 3. El prisionero de Azkaban (Edici\u00f3n Gryffindor del 20\u00ba aniversario pasta dura)"},"content":{"rendered":"<p>Cuando el autob\u00fas noct\u00e1mbulo irrumpe en una calle oscura y frena con fuertes chirridos delante de Harry, comienza para \u00e9l un nuevo curso en Hogwarts, lleno de acontecimientos extraordinarios. Sirius Black, asesino y seguidor de lord Voldemort, se ha fugado, y dicen que va en busca de Harry. En su primera clase de Adivinaci\u00f3n, la profesora Trelawney ve un augurio de muerte en las hojas de t\u00e9 de la taza de Harry&#8230; Pero quiz\u00e1 lo m\u00e1s aterrador sean los dementores que patrullan por los jardines del colegio, capaces de sorberte el alma con su beso&#8230;<\/p>\n","protected":false},"excerpt":{"rendered":"<p>J.K. Rowling<\/p>\n","protected":false},"featured_media":2223,"template":"","meta":{"_joinchat":[]},"product_brand":[],"product_cat":[39,54,52],"product_tag":[34],"class_list":{"0":"post-2222","1":"product","2":"type-product","3":"status-publish","4":"has-post-thumbnail","6":"product_cat-fantasia","7":"product_cat-infantil","8":"product_cat-juvenil","9":"product_tag-penguin-random-house","11":"first","12":"outofstock","13":"shipping-taxable","14":"purchasable","15":"product-type-simple"},"_links":{"self":[{"href":"https:\/\/libreriahistoriasdebolsillo.com\/index.php\/wp-json\/wp\/v2\/product\/2222","targetHints":{"allow":["GET"]}}],"collection":[{"href":"https:\/\/libreriahistoriasdebolsillo.com\/index.php\/wp-json\/wp\/v2\/product"}],"about":[{"href":"https:\/\/libreriahistoriasdebolsillo.com\/index.php\/wp-json\/wp\/v2\/types\/product"}],"wp:featuredmedia":[{"embeddable":true,"href":"https:\/\/libreriahistoriasdebolsillo.com\/index.php\/wp-json\/wp\/v2\/media\/2223"}],"wp:attachment":[{"href":"https:\/\/libreriahistoriasdebolsillo.com\/index.php\/wp-json\/wp\/v2\/media?parent=2222"}],"wp:term":[{"taxonomy":"product_brand","embeddable":true,"href":"https:\/\/libreriahistoriasdebolsillo.com\/index.php\/wp-json\/wp\/v2\/product_brand?post=2222"},{"taxonomy":"product_cat","embeddable":true,"href":"https:\/\/libreriahistoriasdebolsillo.com\/index.php\/wp-json\/wp\/v2\/product_cat?post=2222"},{"taxonomy":"product_tag","embeddable":true,"href":"https:\/\/libreriahistoriasdebolsillo.com\/index.php\/wp-json\/wp\/v2\/product_tag?post=2222"}],"curies":[{"name":"wp","href":"https:\/\/api.w.org\/{rel}","templated":true}]}}