{"id":2224,"date":"2023-11-25T13:51:48","date_gmt":"2023-11-25T19:51:48","guid":{"rendered":"https:\/\/libreriahistoriasdebolsillo.com\/?post_type=product&#038;p=2224"},"modified":"2025-06-28T11:48:22","modified_gmt":"2025-06-28T17:48:22","slug":"la-tierra-de-las-historias-1-el-hechizo-de-los-deseos","status":"publish","type":"product","link":"https:\/\/libreriahistoriasdebolsillo.com\/index.php\/producto\/la-tierra-de-las-historias-1-el-hechizo-de-los-deseos\/","title":{"rendered":"La tierra de las historias 1. El hechizo de los deseos"},"content":{"rendered":"<p>\u00bfY si los cuentos de hadas fueran algo m\u00e1s que una historia m\u00e1gica? Alex y Conner Bailey viajan a un mundo donde todos los cuentos de hadas son reales, a trav\u00e9s de un libro que les regala su abuela. All\u00ed podr\u00e1n conocer las verdaderas historias de esos personajes que tanto admiran y tendr\u00e1n que enfrentarse a los villanos m\u00e1s temidos de todos los tiempos. Volver a casa ser\u00e1 m\u00e1s dif\u00edcil de lo que piensan?<\/p>\n","protected":false},"excerpt":{"rendered":"<p>Chris Colfer<\/p>\n","protected":false},"featured_media":2599,"template":"","meta":{"_joinchat":[]},"product_brand":[],"product_cat":[39,54,52],"product_tag":[48],"class_list":{"0":"post-2224","1":"product","2":"type-product","3":"status-publish","4":"has-post-thumbnail","6":"product_cat-fantasia","7":"product_cat-infantil","8":"product_cat-juvenil","9":"product_tag-vr-editoras","11":"first","12":"instock","13":"shipping-taxable","14":"purchasable","15":"product-type-simple"},"_links":{"self":[{"href":"https:\/\/libreriahistoriasdebolsillo.com\/index.php\/wp-json\/wp\/v2\/product\/2224","targetHints":{"allow":["GET"]}}],"collection":[{"href":"https:\/\/libreriahistoriasdebolsillo.com\/index.php\/wp-json\/wp\/v2\/product"}],"about":[{"href":"https:\/\/libreriahistoriasdebolsillo.com\/index.php\/wp-json\/wp\/v2\/types\/product"}],"wp:featuredmedia":[{"embeddable":true,"href":"https:\/\/libreriahistoriasdebolsillo.com\/index.php\/wp-json\/wp\/v2\/media\/2599"}],"wp:attachment":[{"href":"https:\/\/libreriahistoriasdebolsillo.com\/index.php\/wp-json\/wp\/v2\/media?parent=2224"}],"wp:term":[{"taxonomy":"product_brand","embeddable":true,"href":"https:\/\/libreriahistoriasdebolsillo.com\/index.php\/wp-json\/wp\/v2\/product_brand?post=2224"},{"taxonomy":"product_cat","embeddable":true,"href":"https:\/\/libreriahistoriasdebolsillo.com\/index.php\/wp-json\/wp\/v2\/product_cat?post=2224"},{"taxonomy":"product_tag","embeddable":true,"href":"https:\/\/libreriahistoriasdebolsillo.com\/index.php\/wp-json\/wp\/v2\/product_tag?post=2224"}],"curies":[{"name":"wp","href":"https:\/\/api.w.org\/{rel}","templated":true}]}}