{"id":2228,"date":"2023-11-25T13:55:11","date_gmt":"2023-11-25T19:55:11","guid":{"rendered":"https:\/\/libreriahistoriasdebolsillo.com\/?post_type=product&#038;p=2228"},"modified":"2024-04-27T17:17:24","modified_gmt":"2024-04-27T23:17:24","slug":"la-tierra-de-las-historias-3-la-advertencia-de-los-hermanos-grimm","status":"publish","type":"product","link":"https:\/\/libreriahistoriasdebolsillo.com\/index.php\/producto\/la-tierra-de-las-historias-3-la-advertencia-de-los-hermanos-grimm\/","title":{"rendered":"La tierra de las historias 3. La advertencia de los hermanos Grimm"},"content":{"rendered":"<p>El humo inund\u00f3 el cielo sobre las copas de los \u00e1rboles en la distancia. Un horrible chillido brot\u00f3 a trav\u00e9s del aire. Todos los que estaban de pie en el palacio se cubrieron los o\u00eddos para protegerse del terrible sonido. -Oh no, dijo Alex, y su rostro empalideci\u00f3. -No puede ser -susurr\u00f3 d\u00e9bilmente Mam\u00e1 Gansa. La Asamblea del Felices por Siempre observ\u00f3 aterrorizada c\u00f3mo la silueta de una criatura colosal aparec\u00eda sobre los \u00e1rboles. Los rumores acerca del huevo eran ciertos: un drag\u00f3n se hab\u00eda alzado en La Tierra de las Historias.<\/p>\n","protected":false},"excerpt":{"rendered":"<p>Chris Colfer<\/p>\n","protected":false},"featured_media":2602,"template":"","meta":{"_joinchat":[]},"product_brand":[],"product_cat":[39,54,52],"product_tag":[48],"class_list":{"0":"post-2228","1":"product","2":"type-product","3":"status-publish","4":"has-post-thumbnail","6":"product_cat-fantasia","7":"product_cat-infantil","8":"product_cat-juvenil","9":"product_tag-vr-editoras","11":"first","12":"instock","13":"shipping-taxable","14":"purchasable","15":"product-type-simple"},"_links":{"self":[{"href":"https:\/\/libreriahistoriasdebolsillo.com\/index.php\/wp-json\/wp\/v2\/product\/2228","targetHints":{"allow":["GET"]}}],"collection":[{"href":"https:\/\/libreriahistoriasdebolsillo.com\/index.php\/wp-json\/wp\/v2\/product"}],"about":[{"href":"https:\/\/libreriahistoriasdebolsillo.com\/index.php\/wp-json\/wp\/v2\/types\/product"}],"wp:featuredmedia":[{"embeddable":true,"href":"https:\/\/libreriahistoriasdebolsillo.com\/index.php\/wp-json\/wp\/v2\/media\/2602"}],"wp:attachment":[{"href":"https:\/\/libreriahistoriasdebolsillo.com\/index.php\/wp-json\/wp\/v2\/media?parent=2228"}],"wp:term":[{"taxonomy":"product_brand","embeddable":true,"href":"https:\/\/libreriahistoriasdebolsillo.com\/index.php\/wp-json\/wp\/v2\/product_brand?post=2228"},{"taxonomy":"product_cat","embeddable":true,"href":"https:\/\/libreriahistoriasdebolsillo.com\/index.php\/wp-json\/wp\/v2\/product_cat?post=2228"},{"taxonomy":"product_tag","embeddable":true,"href":"https:\/\/libreriahistoriasdebolsillo.com\/index.php\/wp-json\/wp\/v2\/product_tag?post=2228"}],"curies":[{"name":"wp","href":"https:\/\/api.w.org\/{rel}","templated":true}]}}