{"id":2232,"date":"2023-11-25T13:58:11","date_gmt":"2023-11-25T19:58:11","guid":{"rendered":"https:\/\/libreriahistoriasdebolsillo.com\/?post_type=product&#038;p=2232"},"modified":"2024-04-27T17:17:37","modified_gmt":"2024-04-27T23:17:37","slug":"la-tierra-de-las-historias-5-la-odisea-del-autor","status":"publish","type":"product","link":"https:\/\/libreriahistoriasdebolsillo.com\/index.php\/producto\/la-tierra-de-las-historias-5-la-odisea-del-autor\/","title":{"rendered":"La tierra de las historias 5. La odisea del autor"},"content":{"rendered":"<p>El hombre enmascarado ha capturado a la familia real de la Tierra de las Historias con la ayuda de su ejercito de grandes villanos, que incluye a la Bruja Malvada del Oeste, a la Reina de Corazones y al Capit\u00e1n Garfio. Y no ve la hora de ocupar su lugar como emperador. Alex y Conner creen que no son rival para la legi\u00f3n de villanos, hasta que se dan cuenta de que cuentan con el arma m\u00e1s grande de todas: ?su imaginaci\u00f3n! Pronto se embarcaran en un viaje dentro de las historias de Conner para formar su propio ej\u00e9rcito de piratas, ciborgs, superh\u00e9roes y momias. Y se preparan para darle batalla al Hombre Enmascarado. Mientras tanto, un plan mucho m\u00e1s peligroso se lleva a cabo. Uno que puede cambiar para siempre el destino de la Tierra de las Historias y del Otromundo. Los relatos de Conner cobran vida en este apasionante quinta aventura de las Tierra de las Historias.<\/p>\n","protected":false},"excerpt":{"rendered":"<p>Chris Colfer<\/p>\n","protected":false},"featured_media":2604,"template":"","meta":{"_joinchat":[]},"product_brand":[],"product_cat":[39,54,52],"product_tag":[48],"class_list":{"0":"post-2232","1":"product","2":"type-product","3":"status-publish","4":"has-post-thumbnail","6":"product_cat-fantasia","7":"product_cat-infantil","8":"product_cat-juvenil","9":"product_tag-vr-editoras","11":"first","12":"instock","13":"shipping-taxable","14":"purchasable","15":"product-type-simple"},"_links":{"self":[{"href":"https:\/\/libreriahistoriasdebolsillo.com\/index.php\/wp-json\/wp\/v2\/product\/2232","targetHints":{"allow":["GET"]}}],"collection":[{"href":"https:\/\/libreriahistoriasdebolsillo.com\/index.php\/wp-json\/wp\/v2\/product"}],"about":[{"href":"https:\/\/libreriahistoriasdebolsillo.com\/index.php\/wp-json\/wp\/v2\/types\/product"}],"wp:featuredmedia":[{"embeddable":true,"href":"https:\/\/libreriahistoriasdebolsillo.com\/index.php\/wp-json\/wp\/v2\/media\/2604"}],"wp:attachment":[{"href":"https:\/\/libreriahistoriasdebolsillo.com\/index.php\/wp-json\/wp\/v2\/media?parent=2232"}],"wp:term":[{"taxonomy":"product_brand","embeddable":true,"href":"https:\/\/libreriahistoriasdebolsillo.com\/index.php\/wp-json\/wp\/v2\/product_brand?post=2232"},{"taxonomy":"product_cat","embeddable":true,"href":"https:\/\/libreriahistoriasdebolsillo.com\/index.php\/wp-json\/wp\/v2\/product_cat?post=2232"},{"taxonomy":"product_tag","embeddable":true,"href":"https:\/\/libreriahistoriasdebolsillo.com\/index.php\/wp-json\/wp\/v2\/product_tag?post=2232"}],"curies":[{"name":"wp","href":"https:\/\/api.w.org\/{rel}","templated":true}]}}