{"id":2236,"date":"2023-11-25T14:02:37","date_gmt":"2023-11-25T20:02:37","guid":{"rendered":"https:\/\/libreriahistoriasdebolsillo.com\/?post_type=product&#038;p=2236"},"modified":"2024-02-06T17:21:23","modified_gmt":"2024-02-06T23:21:23","slug":"un-cuento-de-magia-1","status":"publish","type":"product","link":"https:\/\/libreriahistoriasdebolsillo.com\/index.php\/producto\/un-cuento-de-magia-1\/","title":{"rendered":"Un cuento de magia 1"},"content":{"rendered":"<p>\u00a1ANTES DE QUE CONNER Y ALEX LLEGARAN A LA TIERRA DE LAS HISTORIAS YA SE VIV\u00cdAN GRANDES AVENTURAS!<\/p>\n<p>Brystal sabe que est\u00e1 destinada a grandes cosas, pero vive en el opresivo Reino del Sur, donde la magia est\u00e1 prohibida y las mujeres no tienen permitido ni siquiera leer. Pero los libros son su \u00fanico escape, as\u00ed que se las ingenia para robar algunos de la librer\u00eda. Un d\u00eda encuentra uno especial en una secci\u00f3n secreta: un libro m\u00e1gico que cambiar\u00e1 su vida para siempre. Sabe de las severas consecuencias que esto puede traerle, pero la curiosidad es m\u00e1s fuerte y muy pronto descubre que ella es capaz de hacer magia. \u00a1Y es tan buena que no puede ocultarlo! Cuando es descubierta y apresada, una misteriosa mujer llega a salvarla: Madame Weatherberry, quien le ofrece un puesto en nada m\u00e1s ni nada menos que estudiar en una academia para hadas.<\/p>\n<p><strong>\u00a1Bienvenido de vuelta a este m\u00e1gico mundo!<\/strong><\/p>\n","protected":false},"excerpt":{"rendered":"<p>Chris Colfer<\/p>\n","protected":false},"featured_media":2611,"template":"","meta":{"_joinchat":[]},"product_brand":[],"product_cat":[39,54,52],"product_tag":[48],"class_list":{"0":"post-2236","1":"product","2":"type-product","3":"status-publish","4":"has-post-thumbnail","6":"product_cat-fantasia","7":"product_cat-infantil","8":"product_cat-juvenil","9":"product_tag-vr-editoras","11":"first","12":"outofstock","13":"shipping-taxable","14":"purchasable","15":"product-type-simple"},"_links":{"self":[{"href":"https:\/\/libreriahistoriasdebolsillo.com\/index.php\/wp-json\/wp\/v2\/product\/2236","targetHints":{"allow":["GET"]}}],"collection":[{"href":"https:\/\/libreriahistoriasdebolsillo.com\/index.php\/wp-json\/wp\/v2\/product"}],"about":[{"href":"https:\/\/libreriahistoriasdebolsillo.com\/index.php\/wp-json\/wp\/v2\/types\/product"}],"wp:featuredmedia":[{"embeddable":true,"href":"https:\/\/libreriahistoriasdebolsillo.com\/index.php\/wp-json\/wp\/v2\/media\/2611"}],"wp:attachment":[{"href":"https:\/\/libreriahistoriasdebolsillo.com\/index.php\/wp-json\/wp\/v2\/media?parent=2236"}],"wp:term":[{"taxonomy":"product_brand","embeddable":true,"href":"https:\/\/libreriahistoriasdebolsillo.com\/index.php\/wp-json\/wp\/v2\/product_brand?post=2236"},{"taxonomy":"product_cat","embeddable":true,"href":"https:\/\/libreriahistoriasdebolsillo.com\/index.php\/wp-json\/wp\/v2\/product_cat?post=2236"},{"taxonomy":"product_tag","embeddable":true,"href":"https:\/\/libreriahistoriasdebolsillo.com\/index.php\/wp-json\/wp\/v2\/product_tag?post=2236"}],"curies":[{"name":"wp","href":"https:\/\/api.w.org\/{rel}","templated":true}]}}