{"id":2240,"date":"2023-11-25T14:05:25","date_gmt":"2023-11-25T20:05:25","guid":{"rendered":"https:\/\/libreriahistoriasdebolsillo.com\/?post_type=product&#038;p=2240"},"modified":"2024-02-06T17:21:10","modified_gmt":"2024-02-06T23:21:10","slug":"un-cuento-de-fuego-3","status":"publish","type":"product","link":"https:\/\/libreriahistoriasdebolsillo.com\/index.php\/producto\/un-cuento-de-fuego-3\/","title":{"rendered":"Un cuento de fuego 3"},"content":{"rendered":"<p><strong>EL TIEMPO SE ESTA ACABANDO PARA BRYSTAL EVERGREEN\u2026<\/strong><\/p>\n<p>Hace casi un a\u00f1o que hizo un trato con la Muerte: hallar y destruir a la Inmortal a cambio de su propia vida, pero a\u00fan no tiene una sola pista de qui\u00e9n es o d\u00f3nde podr\u00eda encontrarla.<\/p>\n<p>Para empeorar las cosas, algo oscuro y malvado se ha alzado desde las entra\u00f1as de la Tierra y, para detener este nuevo peligro, las hadas y las brujas deber\u00e1n trabajar junto a todos los reinos y territorios, lo que incluye a la Hermandad de los Justos y su Ej\u00e9rcito de los Muertos. Pero\u2026 \u00bfpor qu\u00e9 un grupo de hechiceros despierta dudas sobre Amarello Hayfield?<\/p>\n<p>Y, \u00bfpor qu\u00e9 esta amenaza se siente tan\u2026 familiar?<\/p>\n<p>\u00bfPODR\u00c1N HACER ALGO ANTES DE QUE EL MUNDO ARDA?<\/p>\n","protected":false},"excerpt":{"rendered":"<p>Chris Colfer<\/p>\n","protected":false},"featured_media":2609,"template":"","meta":{"_joinchat":[]},"product_brand":[],"product_cat":[39,54,52],"product_tag":[48],"class_list":{"0":"post-2240","1":"product","2":"type-product","3":"status-publish","4":"has-post-thumbnail","6":"product_cat-fantasia","7":"product_cat-infantil","8":"product_cat-juvenil","9":"product_tag-vr-editoras","11":"first","12":"outofstock","13":"shipping-taxable","14":"purchasable","15":"product-type-simple"},"_links":{"self":[{"href":"https:\/\/libreriahistoriasdebolsillo.com\/index.php\/wp-json\/wp\/v2\/product\/2240","targetHints":{"allow":["GET"]}}],"collection":[{"href":"https:\/\/libreriahistoriasdebolsillo.com\/index.php\/wp-json\/wp\/v2\/product"}],"about":[{"href":"https:\/\/libreriahistoriasdebolsillo.com\/index.php\/wp-json\/wp\/v2\/types\/product"}],"wp:featuredmedia":[{"embeddable":true,"href":"https:\/\/libreriahistoriasdebolsillo.com\/index.php\/wp-json\/wp\/v2\/media\/2609"}],"wp:attachment":[{"href":"https:\/\/libreriahistoriasdebolsillo.com\/index.php\/wp-json\/wp\/v2\/media?parent=2240"}],"wp:term":[{"taxonomy":"product_brand","embeddable":true,"href":"https:\/\/libreriahistoriasdebolsillo.com\/index.php\/wp-json\/wp\/v2\/product_brand?post=2240"},{"taxonomy":"product_cat","embeddable":true,"href":"https:\/\/libreriahistoriasdebolsillo.com\/index.php\/wp-json\/wp\/v2\/product_cat?post=2240"},{"taxonomy":"product_tag","embeddable":true,"href":"https:\/\/libreriahistoriasdebolsillo.com\/index.php\/wp-json\/wp\/v2\/product_tag?post=2240"}],"curies":[{"name":"wp","href":"https:\/\/api.w.org\/{rel}","templated":true}]}}