{"id":2244,"date":"2023-11-25T15:04:55","date_gmt":"2023-11-25T21:04:55","guid":{"rendered":"https:\/\/libreriahistoriasdebolsillo.com\/?post_type=product&#038;p=2244"},"modified":"2025-07-23T12:48:28","modified_gmt":"2025-07-23T18:48:28","slug":"no-soy-un-serial-killer-john-cleaver-1","status":"publish","type":"product","link":"https:\/\/libreriahistoriasdebolsillo.com\/index.php\/producto\/no-soy-un-serial-killer-john-cleaver-1\/","title":{"rendered":"John Cleaver 1. No soy un serial killer"},"content":{"rendered":"<p>No soy un serial killer es el primer libro de la trilog\u00eda de John Cleaver. John Wayne Cleaver tiene 15 a\u00f1os y sabe que es diferente. Pero no porque solo tenga un amigo ni porque ayude a su madre en el dep\u00f3sito de cad\u00e1veres. John es un soci\u00f3pata que reconoce en s\u00ed mismo los cl\u00e1sicos signos de ser un posible asesino en serie. Para no hacer da\u00f1o a nadie, John se ha creado un conjunto r\u00edgido de reglas para controlar su naturaleza m\u00e1s oscura y tener una vida normal. Pero cuando empiezan a ocurrir una cadena de horripilantes asesinatos en su ciudad, John utilizar\u00e1 sus conocimientos sobre los asesinos en serie para investigar qui\u00e9n tiene aterrorizado al vecindario. Sus pesquisas le llevar\u00e1n a descubrir el asesino: este no sigue el patr\u00f3n de un asesino en serie porque es un ser extra\u00f1o y sus motivos no entran en ninguna categor\u00eda conocida. Entonces John decide que si quiere detenerlo, tendr\u00e1 que romper con sus propias reglas y convertirse en asesino tambi\u00e9n.<\/p>\n","protected":false},"excerpt":{"rendered":"<p>Dan Wells<\/p>\n","protected":false},"featured_media":2654,"template":"","meta":{"_joinchat":[]},"product_brand":[],"product_cat":[52,37],"product_tag":[48],"class_list":{"0":"post-2244","1":"product","2":"type-product","3":"status-publish","4":"has-post-thumbnail","6":"product_cat-juvenil","7":"product_cat-misterio-y-thriller","8":"product_tag-vr-editoras","10":"first","11":"instock","12":"shipping-taxable","13":"purchasable","14":"product-type-simple"},"_links":{"self":[{"href":"https:\/\/libreriahistoriasdebolsillo.com\/index.php\/wp-json\/wp\/v2\/product\/2244","targetHints":{"allow":["GET"]}}],"collection":[{"href":"https:\/\/libreriahistoriasdebolsillo.com\/index.php\/wp-json\/wp\/v2\/product"}],"about":[{"href":"https:\/\/libreriahistoriasdebolsillo.com\/index.php\/wp-json\/wp\/v2\/types\/product"}],"wp:featuredmedia":[{"embeddable":true,"href":"https:\/\/libreriahistoriasdebolsillo.com\/index.php\/wp-json\/wp\/v2\/media\/2654"}],"wp:attachment":[{"href":"https:\/\/libreriahistoriasdebolsillo.com\/index.php\/wp-json\/wp\/v2\/media?parent=2244"}],"wp:term":[{"taxonomy":"product_brand","embeddable":true,"href":"https:\/\/libreriahistoriasdebolsillo.com\/index.php\/wp-json\/wp\/v2\/product_brand?post=2244"},{"taxonomy":"product_cat","embeddable":true,"href":"https:\/\/libreriahistoriasdebolsillo.com\/index.php\/wp-json\/wp\/v2\/product_cat?post=2244"},{"taxonomy":"product_tag","embeddable":true,"href":"https:\/\/libreriahistoriasdebolsillo.com\/index.php\/wp-json\/wp\/v2\/product_tag?post=2244"}],"curies":[{"name":"wp","href":"https:\/\/api.w.org\/{rel}","templated":true}]}}