{"id":2246,"date":"2023-11-25T15:06:41","date_gmt":"2023-11-25T21:06:41","guid":{"rendered":"https:\/\/libreriahistoriasdebolsillo.com\/?post_type=product&#038;p=2246"},"modified":"2023-11-30T10:57:27","modified_gmt":"2023-11-30T16:57:27","slug":"no-soy-el-senor-monstruo-john-cleaver-2","status":"publish","type":"product","link":"https:\/\/libreriahistoriasdebolsillo.com\/index.php\/producto\/no-soy-el-senor-monstruo-john-cleaver-2\/","title":{"rendered":"John Cleaver 2. No soy el se\u00f1or monstruo"},"content":{"rendered":"<p>A mi lado oscuro lo llamo Se\u00f1or Monstruo\u2026 Pienso en muchas cosas terribles y quiero hacer muchas cosas terribles, y es m\u00e1s f\u00e1cil negociar con ese lado de m\u00ed si pretendo que es alguien m\u00e1s; no es John el quien quiere cortar a su madre en pedacitos, es el Se\u00f1or Monstruo. ?Sabes? Con solo decirlo me siento mejor?? El Se\u00f1or Monstruo mat\u00f3 una vez y tiene necesidad de hacerlo nuevamente. Ese es el problema. John debe lidiar con esto mientras intenta vivir como un chico normal; hasta que empiezan a aparecer cad\u00e1veres de mujeres, que claramente, han sido torturadas. Solo John sabe que no puede ser el asesino del pasado porque fue \u00e9l quien termin\u00f3 con esa historia, pero hay ciertas se\u00f1ales que parecen estar dirigidas a \u00e9l. ?Esos cr\u00edmenes tienen alguna relaci\u00f3n? En No soy el Se\u00f1or Monstruo, el joven protagonista tiene el doble desaf\u00edo de descubrir al nuevo asesino y de luchar con su lado oscuro.<\/p>\n","protected":false},"excerpt":{"rendered":"<p>Dan Wells<\/p>\n","protected":false},"featured_media":2653,"template":"","meta":{"_joinchat":[]},"product_brand":[],"product_cat":[52,37],"product_tag":[48],"class_list":{"0":"post-2246","1":"product","2":"type-product","3":"status-publish","4":"has-post-thumbnail","6":"product_cat-juvenil","7":"product_cat-misterio-y-thriller","8":"product_tag-vr-editoras","10":"first","11":"instock","12":"shipping-taxable","13":"purchasable","14":"product-type-simple"},"_links":{"self":[{"href":"https:\/\/libreriahistoriasdebolsillo.com\/index.php\/wp-json\/wp\/v2\/product\/2246","targetHints":{"allow":["GET"]}}],"collection":[{"href":"https:\/\/libreriahistoriasdebolsillo.com\/index.php\/wp-json\/wp\/v2\/product"}],"about":[{"href":"https:\/\/libreriahistoriasdebolsillo.com\/index.php\/wp-json\/wp\/v2\/types\/product"}],"wp:featuredmedia":[{"embeddable":true,"href":"https:\/\/libreriahistoriasdebolsillo.com\/index.php\/wp-json\/wp\/v2\/media\/2653"}],"wp:attachment":[{"href":"https:\/\/libreriahistoriasdebolsillo.com\/index.php\/wp-json\/wp\/v2\/media?parent=2246"}],"wp:term":[{"taxonomy":"product_brand","embeddable":true,"href":"https:\/\/libreriahistoriasdebolsillo.com\/index.php\/wp-json\/wp\/v2\/product_brand?post=2246"},{"taxonomy":"product_cat","embeddable":true,"href":"https:\/\/libreriahistoriasdebolsillo.com\/index.php\/wp-json\/wp\/v2\/product_cat?post=2246"},{"taxonomy":"product_tag","embeddable":true,"href":"https:\/\/libreriahistoriasdebolsillo.com\/index.php\/wp-json\/wp\/v2\/product_tag?post=2246"}],"curies":[{"name":"wp","href":"https:\/\/api.w.org\/{rel}","templated":true}]}}