{"id":2250,"date":"2023-11-25T15:09:58","date_gmt":"2023-11-25T21:09:58","guid":{"rendered":"https:\/\/libreriahistoriasdebolsillo.com\/?post_type=product&#038;p=2250"},"modified":"2023-11-30T10:57:54","modified_gmt":"2023-11-30T16:57:54","slug":"el-unico-amigo-del-demonio-john-cleaver-4","status":"publish","type":"product","link":"https:\/\/libreriahistoriasdebolsillo.com\/index.php\/producto\/el-unico-amigo-del-demonio-john-cleaver-4\/","title":{"rendered":"John Cleaver 4. El \u00fanico amigo del demonio"},"content":{"rendered":"<p>Esta vez, el enemigo es mucho m\u00e1s oscuro de lo que puedes imaginar. John Wayne Cleaver caza demonios: ellos asesinaron a sus vecinos, a su familia y a la chica que amaba. Pero al final, John siempre termina ganando. Ahora, trabaja para un equipo secreto del gobierno y utiliza su habilidad para cazar y asesinar tantos demonios como sea posible. John no quiere la vida que tiene; no quiere que el FBI lo persiga a todas partes; no quiere que su \u00fanica amiga est\u00e9 encerrada en un hospital psiqui\u00e1trico; ni tampoco quiere enfrentar a un can\u00edbal que se llama a s\u00ed mismo El Cazador. John tampoco quiere matar gente, pero, como todos sabemos, no siempre podemos obtener lo que queremos. Y \u00e9l lo aprendi\u00f3 de la peor manera: las manchas de sangre en su ropa se lo recuerdan todo el tiempo? ?Podr\u00e1 escapar de esa pesadilla eterna?<\/p>\n","protected":false},"excerpt":{"rendered":"<p>Dan Wells<\/p>\n","protected":false},"featured_media":2651,"template":"","meta":{"_joinchat":[]},"product_brand":[],"product_cat":[52,37],"product_tag":[48],"class_list":{"0":"post-2250","1":"product","2":"type-product","3":"status-publish","4":"has-post-thumbnail","6":"product_cat-juvenil","7":"product_cat-misterio-y-thriller","8":"product_tag-vr-editoras","10":"first","11":"instock","12":"shipping-taxable","13":"purchasable","14":"product-type-simple"},"_links":{"self":[{"href":"https:\/\/libreriahistoriasdebolsillo.com\/index.php\/wp-json\/wp\/v2\/product\/2250","targetHints":{"allow":["GET"]}}],"collection":[{"href":"https:\/\/libreriahistoriasdebolsillo.com\/index.php\/wp-json\/wp\/v2\/product"}],"about":[{"href":"https:\/\/libreriahistoriasdebolsillo.com\/index.php\/wp-json\/wp\/v2\/types\/product"}],"wp:featuredmedia":[{"embeddable":true,"href":"https:\/\/libreriahistoriasdebolsillo.com\/index.php\/wp-json\/wp\/v2\/media\/2651"}],"wp:attachment":[{"href":"https:\/\/libreriahistoriasdebolsillo.com\/index.php\/wp-json\/wp\/v2\/media?parent=2250"}],"wp:term":[{"taxonomy":"product_brand","embeddable":true,"href":"https:\/\/libreriahistoriasdebolsillo.com\/index.php\/wp-json\/wp\/v2\/product_brand?post=2250"},{"taxonomy":"product_cat","embeddable":true,"href":"https:\/\/libreriahistoriasdebolsillo.com\/index.php\/wp-json\/wp\/v2\/product_cat?post=2250"},{"taxonomy":"product_tag","embeddable":true,"href":"https:\/\/libreriahistoriasdebolsillo.com\/index.php\/wp-json\/wp\/v2\/product_tag?post=2250"}],"curies":[{"name":"wp","href":"https:\/\/api.w.org\/{rel}","templated":true}]}}