{"id":2254,"date":"2023-11-25T15:13:11","date_gmt":"2023-11-25T21:13:11","guid":{"rendered":"https:\/\/libreriahistoriasdebolsillo.com\/?post_type=product&#038;p=2254"},"modified":"2023-11-30T10:58:18","modified_gmt":"2023-11-30T16:58:18","slug":"nada-mas-que-perder-john-cleaver-6","status":"publish","type":"product","link":"https:\/\/libreriahistoriasdebolsillo.com\/index.php\/producto\/nada-mas-que-perder-john-cleaver-6\/","title":{"rendered":"John Cleaver 6. Nada m\u00e1s que perder"},"content":{"rendered":"<p>Un \u00faltimo ba\u00f1o de sangre se despliega ante John, est\u00e1s listo para el final? Mientras John va detr\u00e1s del \u00faltimo de los Marchitos, el FBI va tras John. Los Marchitos, seres sin edad que han depredado a los humanos por miles de a\u00f1os, alguna vez fueron hombres y mujeres comunes y corrientes, pero cedieron su humanidad a cambio de poder e inmortalidad. Eso jam\u00e1s ha detenido a John para exterminarlos. Cazador y presa a la vez, ha logrado localizar a su objetivo demon\u00edaco en un peque\u00f1o pueblo de Arizona. All\u00ed, la esquiva Dama oscura prepara su \u00faltimo golpe contra los fr\u00e1giles humanos que han atrevido a enfrentar a los de su especie, y el mundo no est\u00e1 preparado para la masacre que se avecina. Ha sido un largo camino para John, pero de una forma u otra ha llegado al final. Y NO TIENE NADA M\u00c1S QUE PERDER.<\/p>\n","protected":false},"excerpt":{"rendered":"<p>Dan Wells<\/p>\n","protected":false},"featured_media":2649,"template":"","meta":{"_joinchat":[]},"product_brand":[],"product_cat":[52,37],"product_tag":[48],"class_list":{"0":"post-2254","1":"product","2":"type-product","3":"status-publish","4":"has-post-thumbnail","6":"product_cat-juvenil","7":"product_cat-misterio-y-thriller","8":"product_tag-vr-editoras","10":"first","11":"instock","12":"shipping-taxable","13":"purchasable","14":"product-type-simple"},"_links":{"self":[{"href":"https:\/\/libreriahistoriasdebolsillo.com\/index.php\/wp-json\/wp\/v2\/product\/2254","targetHints":{"allow":["GET"]}}],"collection":[{"href":"https:\/\/libreriahistoriasdebolsillo.com\/index.php\/wp-json\/wp\/v2\/product"}],"about":[{"href":"https:\/\/libreriahistoriasdebolsillo.com\/index.php\/wp-json\/wp\/v2\/types\/product"}],"wp:featuredmedia":[{"embeddable":true,"href":"https:\/\/libreriahistoriasdebolsillo.com\/index.php\/wp-json\/wp\/v2\/media\/2649"}],"wp:attachment":[{"href":"https:\/\/libreriahistoriasdebolsillo.com\/index.php\/wp-json\/wp\/v2\/media?parent=2254"}],"wp:term":[{"taxonomy":"product_brand","embeddable":true,"href":"https:\/\/libreriahistoriasdebolsillo.com\/index.php\/wp-json\/wp\/v2\/product_brand?post=2254"},{"taxonomy":"product_cat","embeddable":true,"href":"https:\/\/libreriahistoriasdebolsillo.com\/index.php\/wp-json\/wp\/v2\/product_cat?post=2254"},{"taxonomy":"product_tag","embeddable":true,"href":"https:\/\/libreriahistoriasdebolsillo.com\/index.php\/wp-json\/wp\/v2\/product_tag?post=2254"}],"curies":[{"name":"wp","href":"https:\/\/api.w.org\/{rel}","templated":true}]}}