{"id":2258,"date":"2023-11-25T15:16:45","date_gmt":"2023-11-25T21:16:45","guid":{"rendered":"https:\/\/libreriahistoriasdebolsillo.com\/?post_type=product&#038;p=2258"},"modified":"2025-02-14T16:02:34","modified_gmt":"2025-02-14T22:02:34","slug":"la-corte-de-las-sombras-2","status":"publish","type":"product","link":"https:\/\/libreriahistoriasdebolsillo.com\/index.php\/producto\/la-corte-de-las-sombras-2\/","title":{"rendered":"La corte de las sombras 2"},"content":{"rendered":"<p>Louisa Ditton ya no sabe qui\u00e9n es. Tras los escalofriantes incidentes del oto\u00f1o pasado, Louisa se adapta a su rol de criada en la Coldthistle House, sin dejar de preguntarse qu\u00e9 significa eso para su humanidad.<br \/>\n\u00bfSe estar\u00e1 convirtiendo en un monstruo como su amo, el Sr. Morningside, o fue redimida por su \u00faltimo acto de hero\u00edsmo?<br \/>\nMientras tanto, el malicioso Sr. Morningside planea un fest\u00edn que<br \/>\natraer\u00e1 gente nueva a la casa: desde humanos perversos y seres del Supramundo, criaturas angelicales que vigilan al monstruoso equipo del Sr. Morningside y est\u00e1n dispuestas a tomar la casa mediante sus propios m\u00e9todos de hacer justicia; hasta un hombre que afirma ser el padre de Louisa, cuya presencia solo incrementar\u00e1 las dudas que persiguen a la chica, y las verdaderas intenciones de este misterioso<br \/>\npersonaje supondr\u00e1n una nueva inc\u00f3gnita. El conflicto golpear\u00e1 a la puerta de Coldthistle House, y la apuesta incluir\u00e1 el alma de Louisa.<\/p>\n","protected":false},"excerpt":{"rendered":"<p>Madeleine Roux<\/p>\n","protected":false},"featured_media":2664,"template":"","meta":{"_joinchat":[]},"product_brand":[],"product_cat":[52,36],"product_tag":[48],"class_list":{"0":"post-2258","1":"product","2":"type-product","3":"status-publish","4":"has-post-thumbnail","6":"product_cat-juvenil","7":"product_cat-terror-y-paranormal","8":"product_tag-vr-editoras","10":"first","11":"outofstock","12":"shipping-taxable","13":"purchasable","14":"product-type-simple"},"_links":{"self":[{"href":"https:\/\/libreriahistoriasdebolsillo.com\/index.php\/wp-json\/wp\/v2\/product\/2258","targetHints":{"allow":["GET"]}}],"collection":[{"href":"https:\/\/libreriahistoriasdebolsillo.com\/index.php\/wp-json\/wp\/v2\/product"}],"about":[{"href":"https:\/\/libreriahistoriasdebolsillo.com\/index.php\/wp-json\/wp\/v2\/types\/product"}],"wp:featuredmedia":[{"embeddable":true,"href":"https:\/\/libreriahistoriasdebolsillo.com\/index.php\/wp-json\/wp\/v2\/media\/2664"}],"wp:attachment":[{"href":"https:\/\/libreriahistoriasdebolsillo.com\/index.php\/wp-json\/wp\/v2\/media?parent=2258"}],"wp:term":[{"taxonomy":"product_brand","embeddable":true,"href":"https:\/\/libreriahistoriasdebolsillo.com\/index.php\/wp-json\/wp\/v2\/product_brand?post=2258"},{"taxonomy":"product_cat","embeddable":true,"href":"https:\/\/libreriahistoriasdebolsillo.com\/index.php\/wp-json\/wp\/v2\/product_cat?post=2258"},{"taxonomy":"product_tag","embeddable":true,"href":"https:\/\/libreriahistoriasdebolsillo.com\/index.php\/wp-json\/wp\/v2\/product_tag?post=2258"}],"curies":[{"name":"wp","href":"https:\/\/api.w.org\/{rel}","templated":true}]}}