{"id":2260,"date":"2023-11-25T15:20:44","date_gmt":"2023-11-25T21:20:44","guid":{"rendered":"https:\/\/libreriahistoriasdebolsillo.com\/?post_type=product&#038;p=2260"},"modified":"2025-11-20T13:14:03","modified_gmt":"2025-11-20T19:14:03","slug":"escape-de-asylum-saga-asylum-0","status":"publish","type":"product","link":"https:\/\/libreriahistoriasdebolsillo.com\/index.php\/producto\/escape-de-asylum-saga-asylum-0\/","title":{"rendered":"Asylum 0. Escape de Asylum"},"content":{"rendered":"<p>Estuve dentro de su cabeza. No existe libertad en esto. No puede escapar de su propia mente. LA PESADILLA ES SOLO EL COMIENZO. Si Ricky Desmond tan solo pudiera hacer entrar en raz\u00f3n a su madre, la convencer\u00eda de que \u00e9l no pertenece al hospital psiqui\u00e1trico Brookline. All\u00ed no hay ning\u00fan paciente como \u00e9l, ni el hombre que cree que puede volar, ni la mujer que asesino a su esposo. Todo lo que Ricky hizo fue perder la cabeza un poco y solo ocurri\u00f3 una vez. Pero cuando el director Crawford lo selecciona para un programa muy especial, un programa que, seg\u00fan el propio director promete, no solo lo curar\u00e1 sino que lo perfeccionar\u00e1- Ricky se da cuenta de que tal vez no tenga tiempo para hacer entrar en raz\u00f3n a su madre. Debe escapar ahora o puede ser demasiado tarde.<\/p>\n","protected":false},"excerpt":{"rendered":"<p>Madeleine Roux<\/p>\n","protected":false},"featured_media":2644,"template":"","meta":{"_joinchat":[]},"product_brand":[],"product_cat":[52,36],"product_tag":[48],"class_list":{"0":"post-2260","1":"product","2":"type-product","3":"status-publish","4":"has-post-thumbnail","6":"product_cat-juvenil","7":"product_cat-terror-y-paranormal","8":"product_tag-vr-editoras","10":"first","11":"instock","12":"shipping-taxable","13":"purchasable","14":"product-type-simple"},"_links":{"self":[{"href":"https:\/\/libreriahistoriasdebolsillo.com\/index.php\/wp-json\/wp\/v2\/product\/2260","targetHints":{"allow":["GET"]}}],"collection":[{"href":"https:\/\/libreriahistoriasdebolsillo.com\/index.php\/wp-json\/wp\/v2\/product"}],"about":[{"href":"https:\/\/libreriahistoriasdebolsillo.com\/index.php\/wp-json\/wp\/v2\/types\/product"}],"wp:featuredmedia":[{"embeddable":true,"href":"https:\/\/libreriahistoriasdebolsillo.com\/index.php\/wp-json\/wp\/v2\/media\/2644"}],"wp:attachment":[{"href":"https:\/\/libreriahistoriasdebolsillo.com\/index.php\/wp-json\/wp\/v2\/media?parent=2260"}],"wp:term":[{"taxonomy":"product_brand","embeddable":true,"href":"https:\/\/libreriahistoriasdebolsillo.com\/index.php\/wp-json\/wp\/v2\/product_brand?post=2260"},{"taxonomy":"product_cat","embeddable":true,"href":"https:\/\/libreriahistoriasdebolsillo.com\/index.php\/wp-json\/wp\/v2\/product_cat?post=2260"},{"taxonomy":"product_tag","embeddable":true,"href":"https:\/\/libreriahistoriasdebolsillo.com\/index.php\/wp-json\/wp\/v2\/product_tag?post=2260"}],"curies":[{"name":"wp","href":"https:\/\/api.w.org\/{rel}","templated":true}]}}