{"id":2264,"date":"2023-11-25T15:25:42","date_gmt":"2023-11-25T21:25:42","guid":{"rendered":"https:\/\/libreriahistoriasdebolsillo.com\/?post_type=product&#038;p=2264"},"modified":"2025-02-14T16:02:18","modified_gmt":"2025-02-14T22:02:18","slug":"scarlets-saga-asylum-1-5","status":"publish","type":"product","link":"https:\/\/libreriahistoriasdebolsillo.com\/index.php\/producto\/scarlets-saga-asylum-1-5\/","title":{"rendered":"Asylum 1.5. Scarlets"},"content":{"rendered":"<p>Prep\u00e1rate para conocer a Cal y a los Scarlets? Aunque para enfrentar lo inexplicable y el terror, nunca estamos lo suficientemente preparados? Cal llega al colegio preparatorio como cualquier otro joven, con un grupo de amigos, pero tambi\u00e9n con un padre poderoso que nunca hace m\u00e1s que presionarlo. Solo cuando se ve desbordado por esa presi\u00f3n, acepta la propuesta para encontrarse en el s\u00f3tano del antiguo asilo con con un grupo selecto de alumnos y exalumnos: los Scarlets. Una vez que los conozca, su vida cambiar\u00e1 para siempre? y el precio que deber\u00e1 pagar por unirse a ellos ser\u00e1 mucho m\u00e1s alto de lo que imagina. Con giros inesperados y escenas estremecedoras, Scarlets es una historia incre\u00edble, sobre uno de los personajes que Dan y sus amigos conocer\u00e1n en Sanctum, que puede ser le\u00edda por aquellos que a\u00fan no se adentraron en el mundo de Asylum y que, para los fans de la saga, ser\u00e1 una pieza m\u00e1s del gran rompecabezas creado por Madeleine Roux.<\/p>\n","protected":false},"excerpt":{"rendered":"<p>Madeleine Roux<\/p>\n","protected":false},"featured_media":2642,"template":"","meta":{"_joinchat":[]},"product_brand":[],"product_cat":[52,36],"product_tag":[48],"class_list":{"0":"post-2264","1":"product","2":"type-product","3":"status-publish","4":"has-post-thumbnail","6":"product_cat-juvenil","7":"product_cat-terror-y-paranormal","8":"product_tag-vr-editoras","10":"first","11":"outofstock","12":"shipping-taxable","13":"purchasable","14":"product-type-simple"},"_links":{"self":[{"href":"https:\/\/libreriahistoriasdebolsillo.com\/index.php\/wp-json\/wp\/v2\/product\/2264","targetHints":{"allow":["GET"]}}],"collection":[{"href":"https:\/\/libreriahistoriasdebolsillo.com\/index.php\/wp-json\/wp\/v2\/product"}],"about":[{"href":"https:\/\/libreriahistoriasdebolsillo.com\/index.php\/wp-json\/wp\/v2\/types\/product"}],"wp:featuredmedia":[{"embeddable":true,"href":"https:\/\/libreriahistoriasdebolsillo.com\/index.php\/wp-json\/wp\/v2\/media\/2642"}],"wp:attachment":[{"href":"https:\/\/libreriahistoriasdebolsillo.com\/index.php\/wp-json\/wp\/v2\/media?parent=2264"}],"wp:term":[{"taxonomy":"product_brand","embeddable":true,"href":"https:\/\/libreriahistoriasdebolsillo.com\/index.php\/wp-json\/wp\/v2\/product_brand?post=2264"},{"taxonomy":"product_cat","embeddable":true,"href":"https:\/\/libreriahistoriasdebolsillo.com\/index.php\/wp-json\/wp\/v2\/product_cat?post=2264"},{"taxonomy":"product_tag","embeddable":true,"href":"https:\/\/libreriahistoriasdebolsillo.com\/index.php\/wp-json\/wp\/v2\/product_tag?post=2264"}],"curies":[{"name":"wp","href":"https:\/\/api.w.org\/{rel}","templated":true}]}}