{"id":2270,"date":"2023-11-25T15:30:07","date_gmt":"2023-11-25T21:30:07","guid":{"rendered":"https:\/\/libreriahistoriasdebolsillo.com\/?post_type=product&#038;p=2270"},"modified":"2025-06-14T17:36:00","modified_gmt":"2025-06-14T23:36:00","slug":"catacomb-saga-asylum-3","status":"publish","type":"product","link":"https:\/\/libreriahistoriasdebolsillo.com\/index.php\/producto\/catacomb-saga-asylum-3\/","title":{"rendered":"Asylum 3. Catacomb"},"content":{"rendered":"<p>La escuela secundaria por fin se termin\u00f3. Y ahora, Dan, Abby y Jordan est\u00e1n felices de poder compartir un \u00faltimo viaje juntos, antes de que comience el resto de sus vidas. Pero parece que el pasado est\u00e1 empe\u00f1ado en seguirlos adonde sea que vayan. Primero, se dan cuenta de que los est\u00e1n persiguiendo y tom\u00e1ndoles fotograf\u00edas. Luego, llegan los mensajes de texto de alguien que no esperaban. De alguien que est\u00e1 muerto. Y despu\u00e9s, el pasado de Dan parece estar a la vuelta de la esquina. Tal vez, esta sea su oportunidad de saber de d\u00f3nde viene y por qu\u00e9 la muerte parece acompa\u00f1arlo a todas partes. En la \u00faltima entrega de la saga best-seller de The New York Times, Madeleine Roux nos invita a un viaje escalofriante, en donde todo parece estar en juego. \u00bfQui\u00e9n es qui\u00e9n? \u00bfCu\u00e1l es el destino final? Para saber la respuesta, antes deber\u00e1n conocer cu\u00e1l es el l\u00edmite entre el pasado y el presente, entre la cordura y la locura, entre el bien y el mal.<\/p>\n","protected":false},"excerpt":{"rendered":"<p>Madeleine Roux<\/p>\n","protected":false},"featured_media":2641,"template":"","meta":{"_joinchat":[]},"product_brand":[],"product_cat":[52,36],"product_tag":[48],"class_list":{"0":"post-2270","1":"product","2":"type-product","3":"status-publish","4":"has-post-thumbnail","6":"product_cat-juvenil","7":"product_cat-terror-y-paranormal","8":"product_tag-vr-editoras","10":"first","11":"instock","12":"shipping-taxable","13":"purchasable","14":"product-type-simple"},"_links":{"self":[{"href":"https:\/\/libreriahistoriasdebolsillo.com\/index.php\/wp-json\/wp\/v2\/product\/2270","targetHints":{"allow":["GET"]}}],"collection":[{"href":"https:\/\/libreriahistoriasdebolsillo.com\/index.php\/wp-json\/wp\/v2\/product"}],"about":[{"href":"https:\/\/libreriahistoriasdebolsillo.com\/index.php\/wp-json\/wp\/v2\/types\/product"}],"wp:featuredmedia":[{"embeddable":true,"href":"https:\/\/libreriahistoriasdebolsillo.com\/index.php\/wp-json\/wp\/v2\/media\/2641"}],"wp:attachment":[{"href":"https:\/\/libreriahistoriasdebolsillo.com\/index.php\/wp-json\/wp\/v2\/media?parent=2270"}],"wp:term":[{"taxonomy":"product_brand","embeddable":true,"href":"https:\/\/libreriahistoriasdebolsillo.com\/index.php\/wp-json\/wp\/v2\/product_brand?post=2270"},{"taxonomy":"product_cat","embeddable":true,"href":"https:\/\/libreriahistoriasdebolsillo.com\/index.php\/wp-json\/wp\/v2\/product_cat?post=2270"},{"taxonomy":"product_tag","embeddable":true,"href":"https:\/\/libreriahistoriasdebolsillo.com\/index.php\/wp-json\/wp\/v2\/product_tag?post=2270"}],"curies":[{"name":"wp","href":"https:\/\/api.w.org\/{rel}","templated":true}]}}