{"id":2272,"date":"2023-11-25T15:31:28","date_gmt":"2023-11-25T21:31:28","guid":{"rendered":"https:\/\/libreriahistoriasdebolsillo.com\/?post_type=product&#038;p=2272"},"modified":"2025-02-14T16:02:00","modified_gmt":"2025-02-14T22:02:00","slug":"el-director-saga-asylum-3-5","status":"publish","type":"product","link":"https:\/\/libreriahistoriasdebolsillo.com\/index.php\/producto\/el-director-saga-asylum-3-5\/","title":{"rendered":"Asylum 3.5. El director"},"content":{"rendered":"<p>Jocelyn y su mejor amiga, Madge, llegan a las puertas de Brokline, reci\u00e9n egresadas de la escuela de enfermer\u00eda, ansiosas y emocionadas por comenzar sus nuevas carreras. Pero, desde la primera reuni\u00f3n con el austero director del asilo, sospechar\u00e1n que su nuevo jefe ser\u00e1 algo m\u00e1s que dif\u00edcil. Lo que nunca podr\u00e1n imaginar es cu\u00e1n siniestro ser\u00e1 todo. Una noche, Jocelyn escucha gritos y empieza a preguntarse si los tratamientos en el asilo son los correctos. Pero el director tiene los ojos puestos en ella y el tratamiento de los pacientes deber\u00eda ser la menor de sus preocupaciones. Con una trama que producir\u00e1 escalofr\u00edos a cada vuelta de p\u00e1gina y un final sorprendente, El director es una pieza m\u00e1s del espeluznante rompecabezas del mundo de Asylum, una novela aterradora que deleitar\u00e1 a los fan\u00e1ticos de la saga.<\/p>\n","protected":false},"excerpt":{"rendered":"<p>Madeleine Roux<\/p>\n","protected":false},"featured_media":2646,"template":"","meta":{"_joinchat":[]},"product_brand":[],"product_cat":[52,36],"product_tag":[48],"class_list":{"0":"post-2272","1":"product","2":"type-product","3":"status-publish","4":"has-post-thumbnail","6":"product_cat-juvenil","7":"product_cat-terror-y-paranormal","8":"product_tag-vr-editoras","10":"first","11":"outofstock","12":"shipping-taxable","13":"purchasable","14":"product-type-simple"},"_links":{"self":[{"href":"https:\/\/libreriahistoriasdebolsillo.com\/index.php\/wp-json\/wp\/v2\/product\/2272","targetHints":{"allow":["GET"]}}],"collection":[{"href":"https:\/\/libreriahistoriasdebolsillo.com\/index.php\/wp-json\/wp\/v2\/product"}],"about":[{"href":"https:\/\/libreriahistoriasdebolsillo.com\/index.php\/wp-json\/wp\/v2\/types\/product"}],"wp:featuredmedia":[{"embeddable":true,"href":"https:\/\/libreriahistoriasdebolsillo.com\/index.php\/wp-json\/wp\/v2\/media\/2646"}],"wp:attachment":[{"href":"https:\/\/libreriahistoriasdebolsillo.com\/index.php\/wp-json\/wp\/v2\/media?parent=2272"}],"wp:term":[{"taxonomy":"product_brand","embeddable":true,"href":"https:\/\/libreriahistoriasdebolsillo.com\/index.php\/wp-json\/wp\/v2\/product_brand?post=2272"},{"taxonomy":"product_cat","embeddable":true,"href":"https:\/\/libreriahistoriasdebolsillo.com\/index.php\/wp-json\/wp\/v2\/product_cat?post=2272"},{"taxonomy":"product_tag","embeddable":true,"href":"https:\/\/libreriahistoriasdebolsillo.com\/index.php\/wp-json\/wp\/v2\/product_tag?post=2272"}],"curies":[{"name":"wp","href":"https:\/\/api.w.org\/{rel}","templated":true}]}}