{"id":2278,"date":"2023-11-25T15:37:00","date_gmt":"2023-11-25T21:37:00","guid":{"rendered":"https:\/\/libreriahistoriasdebolsillo.com\/?post_type=product&#038;p=2278"},"modified":"2024-01-05T11:36:51","modified_gmt":"2024-01-05T17:36:51","slug":"despues-del-anochecer","status":"publish","type":"product","link":"https:\/\/libreriahistoriasdebolsillo.com\/index.php\/producto\/despues-del-anochecer\/","title":{"rendered":"Despu\u00e9s del anochecer"},"content":{"rendered":"<p>El atardecer es aquel momento en que el\u00a0<b>devenir humano<\/b>\u00a0toma derroteros sobrenaturales, aquel instante en que la luz se transfigura en tinieblas. Cuando el sol se esconde, la imaginaci\u00f3n comienza a deslizarse por sombras que derivan en la\u00a0<b>oscuridad<\/b>\u00a0m\u00e1s absoluta y la luz del d\u00eda huye despavorida de la faz de la Tierra. Despu\u00e9s del anochecer es, en definitiva, el momento del d\u00eda perfecto para\u00a0<b>Stephen King<\/b>.<\/p>\n<p>En\u00a0<i><b>Despu\u00e9sdel anochecer<\/b><\/i>, el autor re\u00fane una colecci\u00f3n de catorce\u00a0<b>relatos<\/b>\u00a0tan asombrosos como\u00a0<b>escalofriantes<\/b>\u00a0que te obligar\u00e1n a dormir con la l\u00e1mpara de la mesilla encendida.<\/p>\n","protected":false},"excerpt":{"rendered":"<p>Stephen King<\/p>\n","protected":false},"featured_media":2279,"template":"","meta":{"_joinchat":[]},"product_brand":[],"product_cat":[36],"product_tag":[34],"class_list":{"0":"post-2278","1":"product","2":"type-product","3":"status-publish","4":"has-post-thumbnail","6":"product_cat-terror-y-paranormal","7":"product_tag-penguin-random-house","9":"first","10":"outofstock","11":"shipping-taxable","12":"purchasable","13":"product-type-simple"},"_links":{"self":[{"href":"https:\/\/libreriahistoriasdebolsillo.com\/index.php\/wp-json\/wp\/v2\/product\/2278","targetHints":{"allow":["GET"]}}],"collection":[{"href":"https:\/\/libreriahistoriasdebolsillo.com\/index.php\/wp-json\/wp\/v2\/product"}],"about":[{"href":"https:\/\/libreriahistoriasdebolsillo.com\/index.php\/wp-json\/wp\/v2\/types\/product"}],"wp:featuredmedia":[{"embeddable":true,"href":"https:\/\/libreriahistoriasdebolsillo.com\/index.php\/wp-json\/wp\/v2\/media\/2279"}],"wp:attachment":[{"href":"https:\/\/libreriahistoriasdebolsillo.com\/index.php\/wp-json\/wp\/v2\/media?parent=2278"}],"wp:term":[{"taxonomy":"product_brand","embeddable":true,"href":"https:\/\/libreriahistoriasdebolsillo.com\/index.php\/wp-json\/wp\/v2\/product_brand?post=2278"},{"taxonomy":"product_cat","embeddable":true,"href":"https:\/\/libreriahistoriasdebolsillo.com\/index.php\/wp-json\/wp\/v2\/product_cat?post=2278"},{"taxonomy":"product_tag","embeddable":true,"href":"https:\/\/libreriahistoriasdebolsillo.com\/index.php\/wp-json\/wp\/v2\/product_tag?post=2278"}],"curies":[{"name":"wp","href":"https:\/\/api.w.org\/{rel}","templated":true}]}}