{"id":2280,"date":"2023-11-25T15:38:10","date_gmt":"2023-11-25T21:38:10","guid":{"rendered":"https:\/\/libreriahistoriasdebolsillo.com\/?post_type=product&#038;p=2280"},"modified":"2025-05-07T09:43:05","modified_gmt":"2025-05-07T15:43:05","slug":"cujo","status":"publish","type":"product","link":"https:\/\/libreriahistoriasdebolsillo.com\/index.php\/producto\/cujo\/","title":{"rendered":"Cujo"},"content":{"rendered":"<p>Durante toda su vida\u00a0<b>Cujo<\/b>\u00a0fue un buen perro, un San Bernardo grandote, pac\u00edfico, juguet\u00f3n y amante de los ni\u00f1os. Realmente se trataba de un perro bueno y feliz. Feliz hasta que le sucedi\u00f3 algo, y el cerebro de perro de Cujo se cubri\u00f3 de una de esas oscuridades que se alimentan de sangre. Ahora, se ha convertido en un\u00a0<b>perro asesino<\/b>; doblemente cruel por cuanto la gente no conoce su mutaci\u00f3ny a\u00fan le ve en su anterior bondad. Heraldo de un peque\u00f1o apocalipsis, Cujo desencadenar\u00e1 sobre un pueblo mod\u00e9lico un hurac\u00e1n de\u00a0<b>p\u00e1nico y de muerte<\/b>.<\/p>\n","protected":false},"excerpt":{"rendered":"<p>Stephen King<\/p>\n","protected":false},"featured_media":2281,"template":"","meta":{"_joinchat":[]},"product_brand":[],"product_cat":[36],"product_tag":[34],"class_list":{"0":"post-2280","1":"product","2":"type-product","3":"status-publish","4":"has-post-thumbnail","6":"product_cat-terror-y-paranormal","7":"product_tag-penguin-random-house","9":"first","10":"outofstock","11":"shipping-taxable","12":"purchasable","13":"product-type-simple"},"_links":{"self":[{"href":"https:\/\/libreriahistoriasdebolsillo.com\/index.php\/wp-json\/wp\/v2\/product\/2280","targetHints":{"allow":["GET"]}}],"collection":[{"href":"https:\/\/libreriahistoriasdebolsillo.com\/index.php\/wp-json\/wp\/v2\/product"}],"about":[{"href":"https:\/\/libreriahistoriasdebolsillo.com\/index.php\/wp-json\/wp\/v2\/types\/product"}],"wp:featuredmedia":[{"embeddable":true,"href":"https:\/\/libreriahistoriasdebolsillo.com\/index.php\/wp-json\/wp\/v2\/media\/2281"}],"wp:attachment":[{"href":"https:\/\/libreriahistoriasdebolsillo.com\/index.php\/wp-json\/wp\/v2\/media?parent=2280"}],"wp:term":[{"taxonomy":"product_brand","embeddable":true,"href":"https:\/\/libreriahistoriasdebolsillo.com\/index.php\/wp-json\/wp\/v2\/product_brand?post=2280"},{"taxonomy":"product_cat","embeddable":true,"href":"https:\/\/libreriahistoriasdebolsillo.com\/index.php\/wp-json\/wp\/v2\/product_cat?post=2280"},{"taxonomy":"product_tag","embeddable":true,"href":"https:\/\/libreriahistoriasdebolsillo.com\/index.php\/wp-json\/wp\/v2\/product_tag?post=2280"}],"curies":[{"name":"wp","href":"https:\/\/api.w.org\/{rel}","templated":true}]}}