{"id":2282,"date":"2023-11-25T15:39:34","date_gmt":"2023-11-25T21:39:34","guid":{"rendered":"https:\/\/libreriahistoriasdebolsillo.com\/?post_type=product&#038;p=2282"},"modified":"2026-03-26T16:55:17","modified_gmt":"2026-03-26T22:55:17","slug":"cementerio-de-animales","status":"publish","type":"product","link":"https:\/\/libreriahistoriasdebolsillo.com\/index.php\/producto\/cementerio-de-animales\/","title":{"rendered":"Cementerio de animales"},"content":{"rendered":"<p>Church estaba all\u00ed otra vez, como Louis Creed tem\u00eda y deseaba. Porque su hijita Ellie le hab\u00eda encomendado que cuidara del gato, y Church hab\u00eda\u00a0<b>muerto<\/b>\u00a0atropellado. Louis lo hab\u00eda comprobado: el gato estaba muerto, incluso lo hab\u00eda enterrado m\u00e1s all\u00e1 del\u00a0<b>cementerio<\/b>\u00a0de\u00a0<b>animales<\/b>. Sin embargo, Church hab\u00eda regresado, y sus ojos eran m\u00e1s crueles y perversos que antes. Pero volv\u00eda a estar all\u00ed y Ellie no lo lamentar\u00eda. Louis Creed s\u00ed lo har\u00eda. Porque m\u00e1s all\u00e1 del cementeriode animales, m\u00e1s all\u00e1 de la valla de troncos que nadie se atrev\u00eda a traspasar, m\u00e1s all\u00e1 de los cuarenta y cinco escalones, el\u00a0<b>maligno<\/b>\u00a0poder del\u00a0<b>antiguo<\/b>\u00a0cementerio indio le<br \/>\nreclamaba con macabra avidez&#8230;<\/p>\n","protected":false},"excerpt":{"rendered":"<p>Stephen King<\/p>\n","protected":false},"featured_media":2283,"template":"","meta":{"_joinchat":[]},"product_brand":[],"product_cat":[36],"product_tag":[34],"class_list":{"0":"post-2282","1":"product","2":"type-product","3":"status-publish","4":"has-post-thumbnail","6":"product_cat-terror-y-paranormal","7":"product_tag-penguin-random-house","9":"first","10":"outofstock","11":"shipping-taxable","12":"purchasable","13":"product-type-simple"},"_links":{"self":[{"href":"https:\/\/libreriahistoriasdebolsillo.com\/index.php\/wp-json\/wp\/v2\/product\/2282","targetHints":{"allow":["GET"]}}],"collection":[{"href":"https:\/\/libreriahistoriasdebolsillo.com\/index.php\/wp-json\/wp\/v2\/product"}],"about":[{"href":"https:\/\/libreriahistoriasdebolsillo.com\/index.php\/wp-json\/wp\/v2\/types\/product"}],"wp:featuredmedia":[{"embeddable":true,"href":"https:\/\/libreriahistoriasdebolsillo.com\/index.php\/wp-json\/wp\/v2\/media\/2283"}],"wp:attachment":[{"href":"https:\/\/libreriahistoriasdebolsillo.com\/index.php\/wp-json\/wp\/v2\/media?parent=2282"}],"wp:term":[{"taxonomy":"product_brand","embeddable":true,"href":"https:\/\/libreriahistoriasdebolsillo.com\/index.php\/wp-json\/wp\/v2\/product_brand?post=2282"},{"taxonomy":"product_cat","embeddable":true,"href":"https:\/\/libreriahistoriasdebolsillo.com\/index.php\/wp-json\/wp\/v2\/product_cat?post=2282"},{"taxonomy":"product_tag","embeddable":true,"href":"https:\/\/libreriahistoriasdebolsillo.com\/index.php\/wp-json\/wp\/v2\/product_tag?post=2282"}],"curies":[{"name":"wp","href":"https:\/\/api.w.org\/{rel}","templated":true}]}}