{"id":2284,"date":"2023-11-25T15:41:23","date_gmt":"2023-11-25T21:41:23","guid":{"rendered":"https:\/\/libreriahistoriasdebolsillo.com\/?post_type=product&#038;p=2284"},"modified":"2025-11-20T11:56:09","modified_gmt":"2025-11-20T17:56:09","slug":"el-resplandor","status":"publish","type":"product","link":"https:\/\/libreriahistoriasdebolsillo.com\/index.php\/producto\/el-resplandor\/","title":{"rendered":"El resplandor"},"content":{"rendered":"<p>Esa es la palabra que Danny hab\u00eda visto en el espejo. Y, aunque todav\u00eda no sab\u00eda leer, entendi\u00f3 que era un mensaje de\u00a0<b>horror<\/b>. Ten\u00eda cinco a\u00f1os, y a esa edad pocos ni\u00f1os son conscientes de que los espejos invierten las\u00a0<b>im\u00e1genes<\/b>, y menos a\u00fan diferencian entre realidad e ilusi\u00f3n. Pero Danny ten\u00eda pruebas de que sus\u00a0<b>fantas\u00edas <\/b>relacionadascon la imagen del espejo acabar\u00edan cumpli\u00e9ndose: REDRUM\u2026 MURDER,\u00a0<b>asesinato<\/b>. Su madre estaba pensando en el\u00a0<b>divorcio<\/b>, y su padre, obsesionado con algo muy malo, tan malo como la muerte y el suicidio, necesitaba aceptarla propuesta de hacerse cargo de aquel\u00a0<b>hotel <\/b>de lujo, de m\u00e1s de cien habitaciones y aislado por la nieve, durante seis meses. Hasta el deshielo iban a estar solos. \u00bfSolos?&#8230;<\/p>\n","protected":false},"excerpt":{"rendered":"<p>Stephen King<\/p>\n","protected":false},"featured_media":2285,"template":"","meta":{"_joinchat":[]},"product_brand":[],"product_cat":[36],"product_tag":[34],"class_list":{"0":"post-2284","1":"product","2":"type-product","3":"status-publish","4":"has-post-thumbnail","6":"product_cat-terror-y-paranormal","7":"product_tag-penguin-random-house","9":"first","10":"outofstock","11":"shipping-taxable","12":"purchasable","13":"product-type-simple"},"_links":{"self":[{"href":"https:\/\/libreriahistoriasdebolsillo.com\/index.php\/wp-json\/wp\/v2\/product\/2284","targetHints":{"allow":["GET"]}}],"collection":[{"href":"https:\/\/libreriahistoriasdebolsillo.com\/index.php\/wp-json\/wp\/v2\/product"}],"about":[{"href":"https:\/\/libreriahistoriasdebolsillo.com\/index.php\/wp-json\/wp\/v2\/types\/product"}],"wp:featuredmedia":[{"embeddable":true,"href":"https:\/\/libreriahistoriasdebolsillo.com\/index.php\/wp-json\/wp\/v2\/media\/2285"}],"wp:attachment":[{"href":"https:\/\/libreriahistoriasdebolsillo.com\/index.php\/wp-json\/wp\/v2\/media?parent=2284"}],"wp:term":[{"taxonomy":"product_brand","embeddable":true,"href":"https:\/\/libreriahistoriasdebolsillo.com\/index.php\/wp-json\/wp\/v2\/product_brand?post=2284"},{"taxonomy":"product_cat","embeddable":true,"href":"https:\/\/libreriahistoriasdebolsillo.com\/index.php\/wp-json\/wp\/v2\/product_cat?post=2284"},{"taxonomy":"product_tag","embeddable":true,"href":"https:\/\/libreriahistoriasdebolsillo.com\/index.php\/wp-json\/wp\/v2\/product_tag?post=2284"}],"curies":[{"name":"wp","href":"https:\/\/api.w.org\/{rel}","templated":true}]}}