{"id":2286,"date":"2023-11-25T15:42:51","date_gmt":"2023-11-25T21:42:51","guid":{"rendered":"https:\/\/libreriahistoriasdebolsillo.com\/?post_type=product&#038;p=2286"},"modified":"2025-09-13T10:15:27","modified_gmt":"2025-09-13T16:15:27","slug":"el-misterio-de-salems-lot","status":"publish","type":"product","link":"https:\/\/libreriahistoriasdebolsillo.com\/index.php\/producto\/el-misterio-de-salems-lot\/","title":{"rendered":"El misterio de Salem&#8217;s Lot"},"content":{"rendered":"<p>Veinte a\u00f1os atr\u00e1s, por una apuesta infantil, Ben Mears entr\u00f3 en la casa de los Marsten. Y lo que vio entonces a\u00fan recorre sus\u00a0<b>pesadillas<\/b>. Ahora, como escritor consagrado, Ben Mears vuelve a Salem&#8217;s Lot para\u00a0<b>exorcizar los fantasmas que lo atormentan.<\/b><\/p>\n<p>Salem&#8217;s Lot es un pueblo tranquilo y adormilado donde nunca pasa nada. Nada excepto la antigua\u00a0<b>tragedia\u00a0<\/b>de la casa de los Marsten. Y el perro muerto colgado de la verja del cementerio. Y el misterioso hombre que se instal\u00f3 en la casa de los Marsten. Y los ni\u00f1os que desaparecen, los animales que mueren desangrados&#8230; Y la espantosa presencia de Ellos. Quienesquiera que\u00a0<i>Ellos<\/i>\u00a0sean.<\/p>\n","protected":false},"excerpt":{"rendered":"<p>Stephen King<\/p>\n","protected":false},"featured_media":2287,"template":"","meta":{"_joinchat":[]},"product_brand":[],"product_cat":[36],"product_tag":[34],"class_list":{"0":"post-2286","1":"product","2":"type-product","3":"status-publish","4":"has-post-thumbnail","6":"product_cat-terror-y-paranormal","7":"product_tag-penguin-random-house","9":"first","10":"outofstock","11":"shipping-taxable","12":"purchasable","13":"product-type-simple"},"_links":{"self":[{"href":"https:\/\/libreriahistoriasdebolsillo.com\/index.php\/wp-json\/wp\/v2\/product\/2286","targetHints":{"allow":["GET"]}}],"collection":[{"href":"https:\/\/libreriahistoriasdebolsillo.com\/index.php\/wp-json\/wp\/v2\/product"}],"about":[{"href":"https:\/\/libreriahistoriasdebolsillo.com\/index.php\/wp-json\/wp\/v2\/types\/product"}],"wp:featuredmedia":[{"embeddable":true,"href":"https:\/\/libreriahistoriasdebolsillo.com\/index.php\/wp-json\/wp\/v2\/media\/2287"}],"wp:attachment":[{"href":"https:\/\/libreriahistoriasdebolsillo.com\/index.php\/wp-json\/wp\/v2\/media?parent=2286"}],"wp:term":[{"taxonomy":"product_brand","embeddable":true,"href":"https:\/\/libreriahistoriasdebolsillo.com\/index.php\/wp-json\/wp\/v2\/product_brand?post=2286"},{"taxonomy":"product_cat","embeddable":true,"href":"https:\/\/libreriahistoriasdebolsillo.com\/index.php\/wp-json\/wp\/v2\/product_cat?post=2286"},{"taxonomy":"product_tag","embeddable":true,"href":"https:\/\/libreriahistoriasdebolsillo.com\/index.php\/wp-json\/wp\/v2\/product_tag?post=2286"}],"curies":[{"name":"wp","href":"https:\/\/api.w.org\/{rel}","templated":true}]}}