{"id":2288,"date":"2023-11-25T15:44:40","date_gmt":"2023-11-25T21:44:40","guid":{"rendered":"https:\/\/libreriahistoriasdebolsillo.com\/?post_type=product&#038;p=2288"},"modified":"2024-01-05T11:37:05","modified_gmt":"2024-01-05T17:37:05","slug":"todo-es-eventual","status":"publish","type":"product","link":"https:\/\/libreriahistoriasdebolsillo.com\/index.php\/producto\/todo-es-eventual\/","title":{"rendered":"Todo es eventual"},"content":{"rendered":"<p><i><b>Todo es eventual<\/b><\/i>\u00a0recoge catorce relatos de la mano del genial\u00a0<b>maestro del horror<\/b>,\u00a0<b>Stephen King<\/b>. Publicados anteriormente en revistas, en internet, le\u00eddos en p\u00fablico por el autor o bien in\u00e9ditos, son textos sorprendentes, misteriosos, terror\u00edficos\u2026 Desde historias de encuentros con muertos hasta una habitaci\u00f3n de hotel con un\u00a0<b>fantasma asesino<\/b>, pasando por escenas del realismo m\u00e1s directo y brutal, King nos invita a entrar en su fant\u00e1stico e inquietante mundo interior.<\/p>\n<p>Estas historias demuestran la capacidad imaginativa y narrativa de un autor que ha cautivado a millones de lectores en todo el mundo.<\/p>\n","protected":false},"excerpt":{"rendered":"<p>Stephen King<\/p>\n","protected":false},"featured_media":2289,"template":"","meta":{"_joinchat":[]},"product_brand":[],"product_cat":[36],"product_tag":[34],"class_list":{"0":"post-2288","1":"product","2":"type-product","3":"status-publish","4":"has-post-thumbnail","6":"product_cat-terror-y-paranormal","7":"product_tag-penguin-random-house","9":"first","10":"outofstock","11":"shipping-taxable","12":"purchasable","13":"product-type-simple"},"_links":{"self":[{"href":"https:\/\/libreriahistoriasdebolsillo.com\/index.php\/wp-json\/wp\/v2\/product\/2288","targetHints":{"allow":["GET"]}}],"collection":[{"href":"https:\/\/libreriahistoriasdebolsillo.com\/index.php\/wp-json\/wp\/v2\/product"}],"about":[{"href":"https:\/\/libreriahistoriasdebolsillo.com\/index.php\/wp-json\/wp\/v2\/types\/product"}],"wp:featuredmedia":[{"embeddable":true,"href":"https:\/\/libreriahistoriasdebolsillo.com\/index.php\/wp-json\/wp\/v2\/media\/2289"}],"wp:attachment":[{"href":"https:\/\/libreriahistoriasdebolsillo.com\/index.php\/wp-json\/wp\/v2\/media?parent=2288"}],"wp:term":[{"taxonomy":"product_brand","embeddable":true,"href":"https:\/\/libreriahistoriasdebolsillo.com\/index.php\/wp-json\/wp\/v2\/product_brand?post=2288"},{"taxonomy":"product_cat","embeddable":true,"href":"https:\/\/libreriahistoriasdebolsillo.com\/index.php\/wp-json\/wp\/v2\/product_cat?post=2288"},{"taxonomy":"product_tag","embeddable":true,"href":"https:\/\/libreriahistoriasdebolsillo.com\/index.php\/wp-json\/wp\/v2\/product_tag?post=2288"}],"curies":[{"name":"wp","href":"https:\/\/api.w.org\/{rel}","templated":true}]}}