{"id":2292,"date":"2023-11-25T15:50:03","date_gmt":"2023-11-25T21:50:03","guid":{"rendered":"https:\/\/libreriahistoriasdebolsillo.com\/?post_type=product&#038;p=2292"},"modified":"2026-04-16T10:13:31","modified_gmt":"2026-04-16T16:13:31","slug":"carrie","status":"publish","type":"product","link":"https:\/\/libreriahistoriasdebolsillo.com\/index.php\/producto\/carrie\/","title":{"rendered":"Carrie"},"content":{"rendered":"<p><b>Carrie<\/b>, una joven de apariencia insignificante, acosada por sus compa\u00f1eras de instituto, vive con\u00a0<b>su madre, una fan\u00e1tica religiosa<\/b>. Un d\u00eda en las duchas,\u00a0<b>la primera menstruaci\u00f3n<\/b>\u00a0de Carrie provoca las burlas de las dem\u00e1s chicas y desencadena una sucesi\u00f3n de hechos sobrenaturales y terror\u00edficos. Con el instituto como epicentro de la trama, la peque\u00f1a ciudad de Chamberlain, Maine, ver\u00e1 cambiar el curso de su historia en manos de la aterradora adolescente.<\/p>\n<p><b>Llevada al cine con un \u00e9xito absoluto de p\u00fablico y cr\u00edtica<\/b>, Carrie es la primera novela del maestro indiscutible del terror. King despliega en esta historia todo su potencial narrativo, construyendo un universo que no deja a ning\u00fan lector indiferente.<\/p>\n","protected":false},"excerpt":{"rendered":"<p>Stephen King<\/p>\n","protected":false},"featured_media":2293,"template":"","meta":{"_joinchat":[]},"product_brand":[],"product_cat":[36],"product_tag":[34],"class_list":{"0":"post-2292","1":"product","2":"type-product","3":"status-publish","4":"has-post-thumbnail","6":"product_cat-terror-y-paranormal","7":"product_tag-penguin-random-house","9":"first","10":"instock","11":"shipping-taxable","12":"purchasable","13":"product-type-simple"},"_links":{"self":[{"href":"https:\/\/libreriahistoriasdebolsillo.com\/index.php\/wp-json\/wp\/v2\/product\/2292","targetHints":{"allow":["GET"]}}],"collection":[{"href":"https:\/\/libreriahistoriasdebolsillo.com\/index.php\/wp-json\/wp\/v2\/product"}],"about":[{"href":"https:\/\/libreriahistoriasdebolsillo.com\/index.php\/wp-json\/wp\/v2\/types\/product"}],"wp:featuredmedia":[{"embeddable":true,"href":"https:\/\/libreriahistoriasdebolsillo.com\/index.php\/wp-json\/wp\/v2\/media\/2293"}],"wp:attachment":[{"href":"https:\/\/libreriahistoriasdebolsillo.com\/index.php\/wp-json\/wp\/v2\/media?parent=2292"}],"wp:term":[{"taxonomy":"product_brand","embeddable":true,"href":"https:\/\/libreriahistoriasdebolsillo.com\/index.php\/wp-json\/wp\/v2\/product_brand?post=2292"},{"taxonomy":"product_cat","embeddable":true,"href":"https:\/\/libreriahistoriasdebolsillo.com\/index.php\/wp-json\/wp\/v2\/product_cat?post=2292"},{"taxonomy":"product_tag","embeddable":true,"href":"https:\/\/libreriahistoriasdebolsillo.com\/index.php\/wp-json\/wp\/v2\/product_tag?post=2292"}],"curies":[{"name":"wp","href":"https:\/\/api.w.org\/{rel}","templated":true}]}}