{"id":2294,"date":"2023-11-25T15:51:44","date_gmt":"2023-11-25T21:51:44","guid":{"rendered":"https:\/\/libreriahistoriasdebolsillo.com\/?post_type=product&#038;p=2294"},"modified":"2025-09-30T10:34:33","modified_gmt":"2025-09-30T16:34:33","slug":"el-visitante","status":"publish","type":"product","link":"https:\/\/libreriahistoriasdebolsillo.com\/index.php\/producto\/el-visitante\/","title":{"rendered":"El visitante"},"content":{"rendered":"<p>Un<b>\u00a0ni\u00f1o de once a\u00f1os<\/b>\u00a0ha sido brutalmente violado y asesinado. Todas las pruebas apuntan a uno de los ciudadanos m\u00e1s queridos de Flint City: Terry Maitland, entrenador en la liga infantil, profesor de literatura, marido ejemplar y padre de dos ni\u00f1as.<\/p>\n<p>El detective Ralph Anderson ordena su\u00a0<b>detenci\u00f3n<\/b>. Maitland tiene una coartada firme que demuestra que estuvo en otra ciudad cuando se cometi\u00f3 el crimen, pero las pruebas de ADN encontradas en el lugar de los hechos confirman que es\u00a0<b>culpable<\/b>. Ante la justicia y la opini\u00f3n p\u00fablica Terry Maitland es un asesino y el caso est\u00e1 resuelto.<\/p>\n<p>Pero el detective Anderson no est\u00e1 satisfecho. Maitland parece un buen tipo, un ciudadano ejemplar, \u00bfacaso tiene dos caras? Y \u00bfc\u00f3mo es posible que estuviera en dos sitios a la vez?<\/p>\n<p>La respuesta, como no podr\u00eda ser de otra forma saliendo de la pluma de Stephen King, te har\u00e1<b>\u00a0desear no haber preguntado.<\/b><\/p>\n","protected":false},"excerpt":{"rendered":"<p>Stephen King<\/p>\n","protected":false},"featured_media":2295,"template":"","meta":{"_joinchat":[]},"product_brand":[],"product_cat":[36],"product_tag":[34],"class_list":{"0":"post-2294","1":"product","2":"type-product","3":"status-publish","4":"has-post-thumbnail","6":"product_cat-terror-y-paranormal","7":"product_tag-penguin-random-house","9":"first","10":"outofstock","11":"shipping-taxable","12":"purchasable","13":"product-type-simple"},"_links":{"self":[{"href":"https:\/\/libreriahistoriasdebolsillo.com\/index.php\/wp-json\/wp\/v2\/product\/2294","targetHints":{"allow":["GET"]}}],"collection":[{"href":"https:\/\/libreriahistoriasdebolsillo.com\/index.php\/wp-json\/wp\/v2\/product"}],"about":[{"href":"https:\/\/libreriahistoriasdebolsillo.com\/index.php\/wp-json\/wp\/v2\/types\/product"}],"wp:featuredmedia":[{"embeddable":true,"href":"https:\/\/libreriahistoriasdebolsillo.com\/index.php\/wp-json\/wp\/v2\/media\/2295"}],"wp:attachment":[{"href":"https:\/\/libreriahistoriasdebolsillo.com\/index.php\/wp-json\/wp\/v2\/media?parent=2294"}],"wp:term":[{"taxonomy":"product_brand","embeddable":true,"href":"https:\/\/libreriahistoriasdebolsillo.com\/index.php\/wp-json\/wp\/v2\/product_brand?post=2294"},{"taxonomy":"product_cat","embeddable":true,"href":"https:\/\/libreriahistoriasdebolsillo.com\/index.php\/wp-json\/wp\/v2\/product_cat?post=2294"},{"taxonomy":"product_tag","embeddable":true,"href":"https:\/\/libreriahistoriasdebolsillo.com\/index.php\/wp-json\/wp\/v2\/product_tag?post=2294"}],"curies":[{"name":"wp","href":"https:\/\/api.w.org\/{rel}","templated":true}]}}