{"id":2296,"date":"2023-11-25T15:53:35","date_gmt":"2023-11-25T21:53:35","guid":{"rendered":"https:\/\/libreriahistoriasdebolsillo.com\/?post_type=product&#038;p=2296"},"modified":"2025-12-03T17:47:39","modified_gmt":"2025-12-03T23:47:39","slug":"el-instituto","status":"publish","type":"product","link":"https:\/\/libreriahistoriasdebolsillo.com\/index.php\/producto\/el-instituto\/","title":{"rendered":"El instituto"},"content":{"rendered":"<p>En mitad de la noche en un barrio tranquilo de Minneapolis raptan a Luke Ellis, de doce a\u00f1os, tras haber asesinado a sus padres. Una operaci\u00f3n que dura menos de dos minutos. Luke se despierta en la siniestra instituci\u00f3n conocida como el Instituto, en un cuarto que se asemeja al suyo pero sin ventanas. En habitaciones parecidas hay m\u00e1s ni\u00f1os: Kalisha, Nick, George, Iris y Avery Dixon, entre otros, que comparten capacidades especiales como la telequinesia o la telepat\u00eda. Todos ellos se alojan en la Mitad Delantera de la instituci\u00f3n. Los mayores, en cambio, se encuentran en la Mitad Trasera. Como dice Kalisha: \u00abEl que entra no sale\u00bb.<\/p>\n<p>La se\u00f1ora Sigsby, la directora, y el resto del personal se dedican a aprovecharse sin compasi\u00f3n del talento paranormal de los chicos. Si te portas bien te premian. Si no, el castigo es brutal. Luke se da cuenta de que las v\u00edctimas van desapareciendo y son trasladadas a la Mitad Trasera, as\u00ed que se obsesiona con huir y pedir ayuda. Pero nunca nadie ha escapado del Instituto&#8230;<\/p>\n<p>Deudora de\u00a0<i>Ojos de fuego<\/i>\u00a0y con un elenco de personajes juveniles (como en\u00a0<i>It<\/i>\u00a0y en\u00a0<i>Stand By Me<\/i>) con los que podemos empatizar,\u00a0<i>El Instituto\u00a0<\/i>nos recuerda de inmediato al mejor King, incluso aunque trate temas tan oscuros como los que copan los titulares hoy en d\u00eda y que nos hacen temer por nuestro futuro.<\/p>\n","protected":false},"excerpt":{"rendered":"<p>Stephen King<\/p>\n","protected":false},"featured_media":2297,"template":"","meta":{"_joinchat":[]},"product_brand":[],"product_cat":[36],"product_tag":[34],"class_list":{"0":"post-2296","1":"product","2":"type-product","3":"status-publish","4":"has-post-thumbnail","6":"product_cat-terror-y-paranormal","7":"product_tag-penguin-random-house","9":"first","10":"outofstock","11":"shipping-taxable","12":"purchasable","13":"product-type-simple"},"_links":{"self":[{"href":"https:\/\/libreriahistoriasdebolsillo.com\/index.php\/wp-json\/wp\/v2\/product\/2296","targetHints":{"allow":["GET"]}}],"collection":[{"href":"https:\/\/libreriahistoriasdebolsillo.com\/index.php\/wp-json\/wp\/v2\/product"}],"about":[{"href":"https:\/\/libreriahistoriasdebolsillo.com\/index.php\/wp-json\/wp\/v2\/types\/product"}],"wp:featuredmedia":[{"embeddable":true,"href":"https:\/\/libreriahistoriasdebolsillo.com\/index.php\/wp-json\/wp\/v2\/media\/2297"}],"wp:attachment":[{"href":"https:\/\/libreriahistoriasdebolsillo.com\/index.php\/wp-json\/wp\/v2\/media?parent=2296"}],"wp:term":[{"taxonomy":"product_brand","embeddable":true,"href":"https:\/\/libreriahistoriasdebolsillo.com\/index.php\/wp-json\/wp\/v2\/product_brand?post=2296"},{"taxonomy":"product_cat","embeddable":true,"href":"https:\/\/libreriahistoriasdebolsillo.com\/index.php\/wp-json\/wp\/v2\/product_cat?post=2296"},{"taxonomy":"product_tag","embeddable":true,"href":"https:\/\/libreriahistoriasdebolsillo.com\/index.php\/wp-json\/wp\/v2\/product_tag?post=2296"}],"curies":[{"name":"wp","href":"https:\/\/api.w.org\/{rel}","templated":true}]}}