{"id":2300,"date":"2023-11-25T16:00:52","date_gmt":"2023-11-25T22:00:52","guid":{"rendered":"https:\/\/libreriahistoriasdebolsillo.com\/?post_type=product&#038;p=2300"},"modified":"2024-07-23T11:44:23","modified_gmt":"2024-07-23T17:44:23","slug":"la-venganza-mundo-umbrio-3","status":"publish","type":"product","link":"https:\/\/libreriahistoriasdebolsillo.com\/index.php\/producto\/la-venganza-mundo-umbrio-3\/","title":{"rendered":"La venganza (Mundo Umbr\u00edo 3)"},"content":{"rendered":"<p>En\u00a0<i>Mundo Umbr\u00edo<\/i>\u00a0ha estallado la guerra de guerras (y Lina tiene algo de culpa en eso). Adem\u00e1s, el Destinado la persigue, perdi\u00f3 al gran amor de su vida, y su clan est\u00e1 en peligro. Pero a\u00fan tiene una oportunidad de salvarlos y de ser perdonada por sus errores.\u00a0<b>Intrigas, venganzas, nuevos y siniestros mundos se develan en la guerra entre las civilizaciones subterr\u00e1neas.<\/b><\/p>\n","protected":false},"excerpt":{"rendered":"<p>Jaime Alfonso Sandoval<\/p>\n","protected":false},"featured_media":2301,"template":"","meta":{"_joinchat":[]},"product_brand":[],"product_cat":[52,51,36],"product_tag":[34],"class_list":{"0":"post-2300","1":"product","2":"type-product","3":"status-publish","4":"has-post-thumbnail","6":"product_cat-juvenil","7":"product_cat-oferta","8":"product_cat-terror-y-paranormal","9":"product_tag-penguin-random-house","11":"first","12":"outofstock","13":"sale","14":"shipping-taxable","15":"purchasable","16":"product-type-simple"},"_links":{"self":[{"href":"https:\/\/libreriahistoriasdebolsillo.com\/index.php\/wp-json\/wp\/v2\/product\/2300","targetHints":{"allow":["GET"]}}],"collection":[{"href":"https:\/\/libreriahistoriasdebolsillo.com\/index.php\/wp-json\/wp\/v2\/product"}],"about":[{"href":"https:\/\/libreriahistoriasdebolsillo.com\/index.php\/wp-json\/wp\/v2\/types\/product"}],"wp:featuredmedia":[{"embeddable":true,"href":"https:\/\/libreriahistoriasdebolsillo.com\/index.php\/wp-json\/wp\/v2\/media\/2301"}],"wp:attachment":[{"href":"https:\/\/libreriahistoriasdebolsillo.com\/index.php\/wp-json\/wp\/v2\/media?parent=2300"}],"wp:term":[{"taxonomy":"product_brand","embeddable":true,"href":"https:\/\/libreriahistoriasdebolsillo.com\/index.php\/wp-json\/wp\/v2\/product_brand?post=2300"},{"taxonomy":"product_cat","embeddable":true,"href":"https:\/\/libreriahistoriasdebolsillo.com\/index.php\/wp-json\/wp\/v2\/product_cat?post=2300"},{"taxonomy":"product_tag","embeddable":true,"href":"https:\/\/libreriahistoriasdebolsillo.com\/index.php\/wp-json\/wp\/v2\/product_tag?post=2300"}],"curies":[{"name":"wp","href":"https:\/\/api.w.org\/{rel}","templated":true}]}}