{"id":2302,"date":"2023-11-25T16:02:40","date_gmt":"2023-11-25T22:02:40","guid":{"rendered":"https:\/\/libreriahistoriasdebolsillo.com\/?post_type=product&#038;p=2302"},"modified":"2024-07-23T11:44:18","modified_gmt":"2024-07-23T17:44:18","slug":"la-traicion-mundo-umbrio-2","status":"publish","type":"product","link":"https:\/\/libreriahistoriasdebolsillo.com\/index.php\/producto\/la-traicion-mundo-umbrio-2\/","title":{"rendered":"La traici\u00f3n (Mundo Umbr\u00edo 2)"},"content":{"rendered":"<p>Lina ha descubierto un secreto espeluznante:\u00a0<b>existe una civilizaci\u00f3n oculta bajo el mundo humano<\/b>; estas criaturas se hacen llamar umbr\u00edos y son poderosos, letales, y son su familia. Se ha mudado con ellos. Ah\u00ed, la joven es apreciada por su exquisita \u00abbelleza de g\u00e1rgola\u00bb, posee el arma m\u00e1s poderosa del inframundo \u00a1y tiene novio!: el guapo Gismundus.<\/p>\n<p>Pero no todo es calma.\u00a0<b>Un peligro acecha: la amenaza de la guerra de guerras.<\/b>\u00a0Lina intentar\u00e1 detenerla. No sabe que est\u00e1 por entrar a un laberinto de profec\u00edas, necromancia, magia negra y celos adolescentes. Se vislumbra una\u00a0<b>traici\u00f3n\u00a0<\/b>que cambiar\u00e1 su destino de forma tr\u00e1gica.<\/p>\n","protected":false},"excerpt":{"rendered":"<p>Jaime Alfonso Sandoval<\/p>\n","protected":false},"featured_media":2303,"template":"","meta":{"_joinchat":[]},"product_brand":[],"product_cat":[52,51,36],"product_tag":[34],"class_list":{"0":"post-2302","1":"product","2":"type-product","3":"status-publish","4":"has-post-thumbnail","6":"product_cat-juvenil","7":"product_cat-oferta","8":"product_cat-terror-y-paranormal","9":"product_tag-penguin-random-house","11":"first","12":"outofstock","13":"sale","14":"shipping-taxable","15":"purchasable","16":"product-type-simple"},"_links":{"self":[{"href":"https:\/\/libreriahistoriasdebolsillo.com\/index.php\/wp-json\/wp\/v2\/product\/2302","targetHints":{"allow":["GET"]}}],"collection":[{"href":"https:\/\/libreriahistoriasdebolsillo.com\/index.php\/wp-json\/wp\/v2\/product"}],"about":[{"href":"https:\/\/libreriahistoriasdebolsillo.com\/index.php\/wp-json\/wp\/v2\/types\/product"}],"wp:featuredmedia":[{"embeddable":true,"href":"https:\/\/libreriahistoriasdebolsillo.com\/index.php\/wp-json\/wp\/v2\/media\/2303"}],"wp:attachment":[{"href":"https:\/\/libreriahistoriasdebolsillo.com\/index.php\/wp-json\/wp\/v2\/media?parent=2302"}],"wp:term":[{"taxonomy":"product_brand","embeddable":true,"href":"https:\/\/libreriahistoriasdebolsillo.com\/index.php\/wp-json\/wp\/v2\/product_brand?post=2302"},{"taxonomy":"product_cat","embeddable":true,"href":"https:\/\/libreriahistoriasdebolsillo.com\/index.php\/wp-json\/wp\/v2\/product_cat?post=2302"},{"taxonomy":"product_tag","embeddable":true,"href":"https:\/\/libreriahistoriasdebolsillo.com\/index.php\/wp-json\/wp\/v2\/product_tag?post=2302"}],"curies":[{"name":"wp","href":"https:\/\/api.w.org\/{rel}","templated":true}]}}