{"id":2304,"date":"2023-11-25T16:04:31","date_gmt":"2023-11-25T22:04:31","guid":{"rendered":"https:\/\/libreriahistoriasdebolsillo.com\/?post_type=product&#038;p=2304"},"modified":"2024-07-23T11:44:13","modified_gmt":"2024-07-23T17:44:13","slug":"las-dos-muertes-mundo-umbrio-1","status":"publish","type":"product","link":"https:\/\/libreriahistoriasdebolsillo.com\/index.php\/producto\/las-dos-muertes-mundo-umbrio-1\/","title":{"rendered":"Las dos muertes (Mundo Umbr\u00edo 1)"},"content":{"rendered":"<p>Todos tenemos\u00a0<b>secretos<\/b>. Lina tiene uno, terror\u00edfico, que ella misma desconoce. Despu\u00e9s del\u00a0<b>asesinato\u00a0<\/b>de su madre a manos de seres del\u00a0<b>inframundo<\/b>, su padre le revela que \u00e9l mismo no es humano: proviene de una civilizaci\u00f3n alterna y oculta de la infratierra.<\/p>\n<p>Cada \u00e9poca ha llamado distinto a estos seres: demonios, elementales, no muertos, nosferatus. Lina deber\u00e1 bajar al Mundo Umbr\u00edo para buscar\u00a0<b>justicia<\/b>. En su traves\u00eda encontrar\u00e1 a grandes aliados, enemigos implacables, misterios develados y un intenso amor.<\/p>\n<p>Lina es t\u00edmida, parece vulnerable, pero si confiara un poco m\u00e1s en s\u00ed misma, sabr\u00eda que es tan peligrosa como la m\u00e1s letal de las armas.<\/p>\n","protected":false},"excerpt":{"rendered":"<p>Jaime Alfonso Sandoval<\/p>\n","protected":false},"featured_media":2305,"template":"","meta":{"_joinchat":[]},"product_brand":[],"product_cat":[52,51,36],"product_tag":[34],"class_list":{"0":"post-2304","1":"product","2":"type-product","3":"status-publish","4":"has-post-thumbnail","6":"product_cat-juvenil","7":"product_cat-oferta","8":"product_cat-terror-y-paranormal","9":"product_tag-penguin-random-house","11":"first","12":"outofstock","13":"sale","14":"shipping-taxable","15":"purchasable","16":"product-type-simple"},"_links":{"self":[{"href":"https:\/\/libreriahistoriasdebolsillo.com\/index.php\/wp-json\/wp\/v2\/product\/2304","targetHints":{"allow":["GET"]}}],"collection":[{"href":"https:\/\/libreriahistoriasdebolsillo.com\/index.php\/wp-json\/wp\/v2\/product"}],"about":[{"href":"https:\/\/libreriahistoriasdebolsillo.com\/index.php\/wp-json\/wp\/v2\/types\/product"}],"wp:featuredmedia":[{"embeddable":true,"href":"https:\/\/libreriahistoriasdebolsillo.com\/index.php\/wp-json\/wp\/v2\/media\/2305"}],"wp:attachment":[{"href":"https:\/\/libreriahistoriasdebolsillo.com\/index.php\/wp-json\/wp\/v2\/media?parent=2304"}],"wp:term":[{"taxonomy":"product_brand","embeddable":true,"href":"https:\/\/libreriahistoriasdebolsillo.com\/index.php\/wp-json\/wp\/v2\/product_brand?post=2304"},{"taxonomy":"product_cat","embeddable":true,"href":"https:\/\/libreriahistoriasdebolsillo.com\/index.php\/wp-json\/wp\/v2\/product_cat?post=2304"},{"taxonomy":"product_tag","embeddable":true,"href":"https:\/\/libreriahistoriasdebolsillo.com\/index.php\/wp-json\/wp\/v2\/product_tag?post=2304"}],"curies":[{"name":"wp","href":"https:\/\/api.w.org\/{rel}","templated":true}]}}