{"id":2308,"date":"2023-11-25T16:08:50","date_gmt":"2023-11-25T22:08:50","guid":{"rendered":"https:\/\/libreriahistoriasdebolsillo.com\/?post_type=product&#038;p=2308"},"modified":"2025-02-17T11:01:48","modified_gmt":"2025-02-17T17:01:48","slug":"inocencia-robada-tapa-dura","status":"publish","type":"product","link":"https:\/\/libreriahistoriasdebolsillo.com\/index.php\/producto\/inocencia-robada-tapa-dura\/","title":{"rendered":"Inocencia robada (Tapa dura)"},"content":{"rendered":"<p>En la \u00faltima planta de un decadente sanatorio mental de Reikiavik, un paciente esquizofr\u00e9nico se lanza al vac\u00edo ante los ojos de su hermano. Casi al mismo tiempo, en otra parte de la ciudad, un profesor de escuela que acaba de jubilarse es asesinado en un incendio provocado. Los dos fallecidos hab\u00edan sido maestro y alumno d\u00e9cadas atr\u00e1s y en las \u00faltimas semanas se hab\u00edan visto en varias ocasiones. Ahora les corresponde al malhumorado e intuitivo inspector Erlendur y a su equipo de investigaci\u00f3n desvelar qu\u00e9 inimaginable secreto ocultaba esa turbulenta relaci\u00f3n.<\/p>\n","protected":false},"excerpt":{"rendered":"<p>Arnaldur Indridason<\/p>\n","protected":false},"featured_media":2309,"template":"","meta":{"_joinchat":[]},"product_brand":[],"product_cat":[37],"product_tag":[48],"class_list":{"0":"post-2308","1":"product","2":"type-product","3":"status-publish","4":"has-post-thumbnail","6":"product_cat-misterio-y-thriller","7":"product_tag-vr-editoras","9":"first","10":"outofstock","11":"shipping-taxable","12":"purchasable","13":"product-type-simple"},"_links":{"self":[{"href":"https:\/\/libreriahistoriasdebolsillo.com\/index.php\/wp-json\/wp\/v2\/product\/2308","targetHints":{"allow":["GET"]}}],"collection":[{"href":"https:\/\/libreriahistoriasdebolsillo.com\/index.php\/wp-json\/wp\/v2\/product"}],"about":[{"href":"https:\/\/libreriahistoriasdebolsillo.com\/index.php\/wp-json\/wp\/v2\/types\/product"}],"wp:featuredmedia":[{"embeddable":true,"href":"https:\/\/libreriahistoriasdebolsillo.com\/index.php\/wp-json\/wp\/v2\/media\/2309"}],"wp:attachment":[{"href":"https:\/\/libreriahistoriasdebolsillo.com\/index.php\/wp-json\/wp\/v2\/media?parent=2308"}],"wp:term":[{"taxonomy":"product_brand","embeddable":true,"href":"https:\/\/libreriahistoriasdebolsillo.com\/index.php\/wp-json\/wp\/v2\/product_brand?post=2308"},{"taxonomy":"product_cat","embeddable":true,"href":"https:\/\/libreriahistoriasdebolsillo.com\/index.php\/wp-json\/wp\/v2\/product_cat?post=2308"},{"taxonomy":"product_tag","embeddable":true,"href":"https:\/\/libreriahistoriasdebolsillo.com\/index.php\/wp-json\/wp\/v2\/product_tag?post=2308"}],"curies":[{"name":"wp","href":"https:\/\/api.w.org\/{rel}","templated":true}]}}