{"id":2310,"date":"2023-11-25T16:11:00","date_gmt":"2023-11-25T22:11:00","guid":{"rendered":"https:\/\/libreriahistoriasdebolsillo.com\/?post_type=product&#038;p=2310"},"modified":"2025-02-17T11:00:03","modified_gmt":"2025-02-17T17:00:03","slug":"sin-un-adios-tapa-dura","status":"publish","type":"product","link":"https:\/\/libreriahistoriasdebolsillo.com\/index.php\/producto\/sin-un-adios-tapa-dura\/","title":{"rendered":"Sin un adi\u00f3s (Tapa dura)"},"content":{"rendered":"<p>Era un matrimonio bendecido por el cielo de los tabloides, pero en cuanto la supermodelo Laura Ayars y la estrella de los Boston Celtics David Baskin se dan el s\u00ed quiero, les alcanza la tragedia. Durante su luna de miel en la Gran Barrera de Coral australiana, David sale a nadar y ya no vuelve. A Laura solo le quedan el dolor de la p\u00e9rdida y las inc\u00f3gnitas que la desaparici\u00f3n de David le ha dejado. Pero lo sorprendente es que esas preguntas sin respuesta pueden ser mucho m\u00e1s peligrosas de lo que Laura hubiera podido imaginar jam\u00e1s.<\/p>\n","protected":false},"excerpt":{"rendered":"<p>Harlan Coben<\/p>\n","protected":false},"featured_media":2311,"template":"","meta":{"_joinchat":[]},"product_brand":[],"product_cat":[37],"product_tag":[48],"class_list":{"0":"post-2310","1":"product","2":"type-product","3":"status-publish","4":"has-post-thumbnail","6":"product_cat-misterio-y-thriller","7":"product_tag-vr-editoras","9":"first","10":"outofstock","11":"shipping-taxable","12":"purchasable","13":"product-type-simple"},"_links":{"self":[{"href":"https:\/\/libreriahistoriasdebolsillo.com\/index.php\/wp-json\/wp\/v2\/product\/2310","targetHints":{"allow":["GET"]}}],"collection":[{"href":"https:\/\/libreriahistoriasdebolsillo.com\/index.php\/wp-json\/wp\/v2\/product"}],"about":[{"href":"https:\/\/libreriahistoriasdebolsillo.com\/index.php\/wp-json\/wp\/v2\/types\/product"}],"wp:featuredmedia":[{"embeddable":true,"href":"https:\/\/libreriahistoriasdebolsillo.com\/index.php\/wp-json\/wp\/v2\/media\/2311"}],"wp:attachment":[{"href":"https:\/\/libreriahistoriasdebolsillo.com\/index.php\/wp-json\/wp\/v2\/media?parent=2310"}],"wp:term":[{"taxonomy":"product_brand","embeddable":true,"href":"https:\/\/libreriahistoriasdebolsillo.com\/index.php\/wp-json\/wp\/v2\/product_brand?post=2310"},{"taxonomy":"product_cat","embeddable":true,"href":"https:\/\/libreriahistoriasdebolsillo.com\/index.php\/wp-json\/wp\/v2\/product_cat?post=2310"},{"taxonomy":"product_tag","embeddable":true,"href":"https:\/\/libreriahistoriasdebolsillo.com\/index.php\/wp-json\/wp\/v2\/product_tag?post=2310"}],"curies":[{"name":"wp","href":"https:\/\/api.w.org\/{rel}","templated":true}]}}