{"id":2312,"date":"2023-11-25T16:15:21","date_gmt":"2023-11-25T22:15:21","guid":{"rendered":"https:\/\/libreriahistoriasdebolsillo.com\/?post_type=product&#038;p=2312"},"modified":"2025-02-17T11:01:05","modified_gmt":"2025-02-17T17:01:05","slug":"el-eco-de-las-mentiras-tapa-dura","status":"publish","type":"product","link":"https:\/\/libreriahistoriasdebolsillo.com\/index.php\/producto\/el-eco-de-las-mentiras-tapa-dura\/","title":{"rendered":"El eco de las mentiras (Tapa dura)"},"content":{"rendered":"<p>En un bosque al sudeste de Edimburgo han encontrado el cad\u00e1ver de un detective privado desaparecido desde hace m\u00e1s de una d\u00e9cada. John Rebus conoce bien el caso, porque originalmente form\u00f3 parte del equipo encargado de la investigaci\u00f3n, que estuvo plagada de errores e intereses ocultos. Ahora tanto Rebus como la polic\u00eda tienen una segunda oportunidad para atrapar al culpable, pero las presiones de la familia de la v\u00edctima y la prensa les dejan muy claro que se juegan mucho m\u00e1s que la reputaci\u00f3n.<\/p>\n","protected":false},"excerpt":{"rendered":"<p>Ian Rankin<\/p>\n","protected":false},"featured_media":2313,"template":"","meta":{"_joinchat":[]},"product_brand":[],"product_cat":[37],"product_tag":[48],"class_list":{"0":"post-2312","1":"product","2":"type-product","3":"status-publish","4":"has-post-thumbnail","6":"product_cat-misterio-y-thriller","7":"product_tag-vr-editoras","9":"first","10":"outofstock","11":"shipping-taxable","12":"purchasable","13":"product-type-simple"},"_links":{"self":[{"href":"https:\/\/libreriahistoriasdebolsillo.com\/index.php\/wp-json\/wp\/v2\/product\/2312","targetHints":{"allow":["GET"]}}],"collection":[{"href":"https:\/\/libreriahistoriasdebolsillo.com\/index.php\/wp-json\/wp\/v2\/product"}],"about":[{"href":"https:\/\/libreriahistoriasdebolsillo.com\/index.php\/wp-json\/wp\/v2\/types\/product"}],"wp:featuredmedia":[{"embeddable":true,"href":"https:\/\/libreriahistoriasdebolsillo.com\/index.php\/wp-json\/wp\/v2\/media\/2313"}],"wp:attachment":[{"href":"https:\/\/libreriahistoriasdebolsillo.com\/index.php\/wp-json\/wp\/v2\/media?parent=2312"}],"wp:term":[{"taxonomy":"product_brand","embeddable":true,"href":"https:\/\/libreriahistoriasdebolsillo.com\/index.php\/wp-json\/wp\/v2\/product_brand?post=2312"},{"taxonomy":"product_cat","embeddable":true,"href":"https:\/\/libreriahistoriasdebolsillo.com\/index.php\/wp-json\/wp\/v2\/product_cat?post=2312"},{"taxonomy":"product_tag","embeddable":true,"href":"https:\/\/libreriahistoriasdebolsillo.com\/index.php\/wp-json\/wp\/v2\/product_tag?post=2312"}],"curies":[{"name":"wp","href":"https:\/\/api.w.org\/{rel}","templated":true}]}}